{"id":8294,"date":"2019-05-17T02:47:41","date_gmt":"2019-05-17T02:47:41","guid":{"rendered":"http:\/\/ninzio.com\/bauer\/?page_id=8294"},"modified":"2024-04-29T12:49:25","modified_gmt":"2024-04-29T15:49:25","slug":"home-main","status":"publish","type":"page","link":"https:\/\/parinmetais.com.br\/site\/","title":{"rendered":"Parin Metais"},"content":{"rendered":"<section class=\"wpb-content-wrapper\"><p>[vc_row arrow=&#8221;yes&#8221; scroll_id=&#8221;first-row&#8221;][vc_column][rev_slider_vc alias=&#8221;slider-1&#8243;][\/vc_column][\/vc_row][vc_row css=&#8221;.vc_custom_1558753815078{background-image: url(http:\/\/parinmetais.com.br\/site\/wp-content\/uploads\/2019\/05\/main-bg-1.png?id=8860) !important;background-position: center !important;background-repeat: no-repeat !important;background-size: cover !important;}&#8221; el_id=&#8221;first-row&#8221;][vc_column]\r\n\t<div class=\"bauer-spacer clearfix\" data-desktop=\"94\" data-mobi=\"60\" data-smobi=\"60\"><\/div>[vc_row_inner][vc_column_inner width=&#8221;1\/2&#8243;]<div class=\"bauer-single-heading clearfix \" style=\"margin-bottom:25px;\"><span class=\"inner\"><span class=\"heading clearfix \" style=\"font-weight:600;color:#cacaca;font-size:16px;\">\r\n\t\tDeixe a Parin surpreender voc\u00ea!\r\n\t<\/span><\/span><\/div><h2 class=\"bauer-text clearfix \" style=\"font-size:42px;line-height:50px;margin-bottom:32px;\"><p><span class=\"font-weight-300\">Sua nova <strong>fornecedora<\/strong> de equipamentos de combate a inc\u00eandio! Deixe a <strong>Parin<\/strong> surpreender <strong>voc\u00ea<\/strong>!<br \/>\n<\/span><\/p>\n<\/h2><div class=\"bauer-text clearfix \" style=\"font-size:18px;line-height:30px;color:#414042;margin-bottom:34px;\"><p>Era julho de 2015. Depois de afinar todos os pontos abertos a ideia se materializou e assim nasceu a Parin Metais.<\/p>\n<\/div><div class=\"bauer-text clearfix \" style=\"\"><p>Um setor de vendas foi criado e a partir de ent\u00e3o as coisas come\u00e7aram a acontecer. A produ\u00e7\u00e3o come\u00e7ou a aumentar gradualmente e o nome da empresa passou a significar algo para seus concorrentes, mas ainda assim n\u00e3o era o suficiente para decolar de forma definitiva nesse segmento.<\/p>\n<p>Em 2018, a Parin rapidamente conseguiu a t\u00e3o esperada visibilidade de mercado e, com projetos arrojados e visando o futuro, passou a se dedicar com maior efici\u00eancia aos seus clientes e revendedores e instaladores de equipamentos de combate a inc\u00eandio.<\/p>\n<p>Com uma equipe qualificada e materiais de qualidade, a Parin vive hoje um novo momento. Venha conosco! Deixe a Parin surpreender voc\u00ea!<\/p>\n<\/div>\r\n\t<div class=\"bauer-spacer clearfix\" data-desktop=\"60\" data-mobi=\"30\" data-smobi=\"30\"><\/div><div class=\"button-wrap icon-right\" style=\"\" ><a href=\"https:\/\/ninzio.com\/bauer\/about-us\/\" target=\"_self\" class=\"bauer-button btn-1346291136 medium no_icon custom outline solid outline-accent\" style=\"border-radius:30px;border-width:2px;\"  data-background=\"\" data-text=\"#ff282f\" data-text-hover=\"#ffffff\" data-background-hover=\"#f35c27\">\r\n\t\t<span style=\"\">Saiba mais <\/span>\r\n\t<\/a><\/div>[\/vc_column_inner][vc_column_inner width=&#8221;1\/2&#8243;]\r\n\t<div class=\"bauer-spacer clearfix\" data-desktop=\"55\" data-mobi=\"40\" data-smobi=\"40\"><\/div><div class=\"bauer-simple-image text-center\" style=\"\" >\r\n\t\t\t<img decoding=\"async\" alt=\"image\" src=\"https:\/\/parinmetais.com.br\/site\/wp-content\/uploads\/2023\/09\/company.jpg\" \/> \r\n\t\t<\/div>[\/vc_column_inner][\/vc_row_inner]\r\n\t<div class=\"bauer-spacer clearfix\" data-desktop=\"100\" data-mobi=\"60\" data-smobi=\"60\"><\/div>[\/vc_column][\/vc_row][vc_row css=&#8221;.vc_custom_1558262963274{background-image: url(http:\/\/parinmetais.com.br\/site\/wp-content\/uploads\/2019\/05\/section-bg2-3.jpg?id=8529) !important;background-position: center !important;background-repeat: no-repeat !important;background-size: cover !important;}&#8221;][vc_column]\r\n\t<div class=\"bauer-spacer clearfix\" data-desktop=\"100\" data-mobi=\"60\" data-smobi=\"60\"><\/div>[vc_row_inner][vc_column_inner width=&#8221;1\/3&#8243;]<div class=\"bauer-icon-box clearfix icon-top align-center  simple\" style=\"\" ><div class=\"wrap-inner\" style=\"position: relative;\"><div class=\"image-wrap\" style=\"\">\r\n\t\t\t\t<img decoding=\"async\" alt=\"image\" src=\"https:\/\/parinmetais.com.br\/site\/wp-content\/uploads\/2023\/09\/01catalogo_produtos.png\">\r\n\t\t\t<\/div> <h3 class=\"heading  white\" style=\"font-weight:400;color:#ffffff;font-size:22px;line-height:35px;margin-top:17px;margin-bottom:13px;\">\r\n\t\t\t<span>Cat\u00e1logo de<br \/>\nProdutos<\/span>\r\n\t\t<\/h3><div class=\"desc\" style=\"color:#8a99c0;\"><p>Material dispon\u00edvel para download<br \/>\nem nosso site. Baixe agora!<\/p>\n<\/div> <\/div><\/div>\r\n\t<div class=\"bauer-spacer clearfix\" data-desktop=\"60\" data-mobi=\"30\" data-smobi=\"30\"><\/div><div class=\"bauer-icon-box clearfix icon-top align-center  simple\" style=\"\" ><div class=\"wrap-inner\" style=\"position: relative;\"><div class=\"image-wrap\" style=\"\">\r\n\t\t\t\t<img decoding=\"async\" alt=\"image\" src=\"https:\/\/parinmetais.com.br\/site\/wp-content\/uploads\/2023\/09\/01_parceria.png\">\r\n\t\t\t<\/div> <h3 class=\"heading  white\" style=\"font-weight:400;color:#ffffff;font-size:22px;line-height:35px;margin-top:17px;margin-bottom:13px;\">\r\n\t\t\t<span>Mais que clientes,<br \/>\nnossos parceiros!<\/span>\r\n\t\t<\/h3><div class=\"desc\" style=\"color:#8a99c0;\"><p>Surpreenda-se com nosso<br \/>\nDepartamento Comercial!<\/p>\n<\/div> <\/div><\/div>\r\n\t<div class=\"bauer-spacer clearfix\" data-desktop=\"0\" data-mobi=\"30\" data-smobi=\"30\"><\/div>[\/vc_column_inner][vc_column_inner width=&#8221;1\/3&#8243;]<div class=\"bauer-icon-box clearfix icon-top align-center  simple\" style=\"\" ><div class=\"wrap-inner\" style=\"position: relative;\"><div class=\"image-wrap\" style=\"\">\r\n\t\t\t\t<img decoding=\"async\" alt=\"image\" src=\"https:\/\/parinmetais.com.br\/site\/wp-content\/uploads\/2023\/09\/qualidadegarantida.png\">\r\n\t\t\t<\/div> <h3 class=\"heading  white\" style=\"font-weight:400;color:#ffffff;font-size:22px;line-height:35px;margin-top:17px;margin-bottom:13px;\">\r\n\t\t\t<span>Produtos com<br \/>\nGarantia<\/span>\r\n\t\t<\/h3><div class=\"desc\" style=\"color:#8a99c0;\"><p>Nossos produtos s\u00e3o produzidos<br \/>\nsob r\u00edgidos padr\u00f5es de qualidade<\/p>\n<\/div> <\/div><\/div>\r\n\t<div class=\"bauer-spacer clearfix\" data-desktop=\"60\" data-mobi=\"30\" data-smobi=\"30\"><\/div><div class=\"bauer-icon-box clearfix icon-top align-center  simple\" style=\"\" ><div class=\"wrap-inner\" style=\"position: relative;\"><div class=\"image-wrap\" style=\"\">\r\n\t\t\t\t<img decoding=\"async\" alt=\"image\" src=\"https:\/\/parinmetais.com.br\/site\/wp-content\/uploads\/2023\/09\/atendimentopersonalizado.png\">\r\n\t\t\t<\/div> <h3 class=\"heading  white\" style=\"font-weight:400;color:#ffffff;font-size:22px;line-height:35px;margin-top:17px;margin-bottom:13px;\">\r\n\t\t\t<span>Atendimento<br \/>\nvia WhatsApp<\/span>\r\n\t\t<\/h3><div class=\"desc\" style=\"color:#8a99c0;\"><p>Clique no menu no canto da tela e<br \/>\nseja atendido rapidamente<\/p>\n<\/div> <\/div><\/div>\r\n\t<div class=\"bauer-spacer clearfix\" data-desktop=\"0\" data-mobi=\"30\" data-smobi=\"30\"><\/div>[\/vc_column_inner][vc_column_inner width=&#8221;1\/3&#8243;]<div class=\"bauer-icon-box clearfix icon-top align-center  simple\" style=\"\" ><div class=\"wrap-inner\" style=\"position: relative;\"><div class=\"image-wrap\" style=\"\">\r\n\t\t\t\t<img decoding=\"async\" alt=\"image\" src=\"https:\/\/parinmetais.com.br\/site\/wp-content\/uploads\/2023\/09\/02_entrega.png\">\r\n\t\t\t<\/div> <h3 class=\"heading  white\" style=\"font-weight:400;color:#ffffff;font-size:22px;line-height:35px;margin-top:17px;margin-bottom:13px;\">\r\n\t\t\t<span>Entrega com<br \/>\nAgilidade<\/span>\r\n\t\t<\/h3><div class=\"desc\" style=\"color:#8a99c0;\"><p>Na Parin, seu produto chega<br \/>\nmais r\u00e1pido!<\/p>\n<\/div> <\/div><\/div>\r\n\t<div class=\"bauer-spacer clearfix\" data-desktop=\"60\" data-mobi=\"30\" data-smobi=\"30\"><\/div><div class=\"bauer-icon-box clearfix icon-top align-center  simple\" style=\"\" ><div class=\"wrap-inner\" style=\"position: relative;\"><div class=\"image-wrap\" style=\"\">\r\n\t\t\t\t<img decoding=\"async\" alt=\"image\" src=\"https:\/\/parinmetais.com.br\/site\/wp-content\/uploads\/2023\/09\/representantes_br.png\">\r\n\t\t\t<\/div> <h3 class=\"heading  white\" style=\"font-weight:400;color:#ffffff;font-size:22px;line-height:35px;margin-top:17px;margin-bottom:13px;\">\r\n\t\t\t<span>Representantes em<br \/>\ntodas as regi\u00f5es<\/span>\r\n\t\t<\/h3><div class=\"desc\" style=\"color:#8a99c0;\"><p>Acesse a guia de representantes<br \/>\ne confira qual atende sua regi\u00e3o<\/p>\n<\/div> <\/div><\/div>[\/vc_column_inner][\/vc_row_inner]\r\n\t<div class=\"bauer-spacer clearfix\" data-desktop=\"115\" data-mobi=\"95\" data-smobi=\"95\"><\/div>[\/vc_column][\/vc_row][vc_row css=&#8221;.vc_custom_1558754436718{background-image: url(http:\/\/parinmetais.com.br\/site\/wp-content\/uploads\/2019\/05\/main-bg-2.png?id=8865) !important;background-position: center !important;background-repeat: no-repeat !important;background-size: cover !important;}&#8221;][vc_column]<div class=\"bauer-content-box clearfix \" data-padding=\"22px 100px 26px 100px\" data-mobipadding=\"22px 50px 26px 50px\" data-margin=\"-30px 0px 0px 0px\" data-mobimargin=\"-30px 0px 0px 0px\" >\r\n\t\t<div class=\"inner ctb-748936037\" style=\"background:url(https:\/\/parinmetais.com.br\/site\/wp-content\/uploads\/2019\/05\/actionbox-bg.png) left top no-repeat;background-size:cover;\"  data-background=\"\" data-rounded=\"7px\">\r\n\t\t\t<div class=\"bauer-action-box \" style=\"\">\r\n\t\t<div class=\"inner\">\r\n\t\t<div class=\"heading-wrap \">\r\n\t\t\t<div class=\"text-wrap\" style=\"\">\r\n\t\t\t\t<h2 class=\"heading\" style=\"font-weight:400;color:#ffffff;font-size:28px;line-height:41px;\">\r\n\t\t\t\t\tSe voc\u00ea tem alguma d\u00favida, realize o atendimento personalizado via WhatsApp\r\n\t\t\t\t<\/h2>\r\n\t\t\t<\/div>\r\n\t\t<\/div><div class=\"url-wrap\" style=\"padding-top:15px;\">\r\n\t\t\t<a target=\"no\" class=\"bauer-button medium btn-1730131965 custom\" href=\"wa.me\/5511942552341\" style=\"border-radius:30px;\"  data-text=\"#030f27\" data-background=\"#ffffff\" data-text-hover=\"#ffffff\" data-background-hover=\"#414042\"><span>Fale conosco<\/span><\/a>\r\n\t\t<\/div><\/div>\r\n\t<\/div>\r\n\t\t<\/div>\r\n\t<\/div>\r\n\t<div class=\"bauer-spacer clearfix\" data-desktop=\"94\" data-mobi=\"60\" data-smobi=\"60\"><\/div><div class=\"bauer-products clearfix arrow-center bullet-square offsetcenter offset-v0\" data-auto=\"false\" data-column=\"3\" data-column2=\"2\" data-column3=\"1\" data-gap=\"30\"><ul class=\"owl-carousel owl-theme products\"><li class=\"post-10295 product type-product status-publish has-post-thumbnail hentry product_cat-unioes\">\n\t<div class=\"inner\">\n\t<div class=\"product-thumbnail\"><img fetchpriority=\"high\" decoding=\"async\" width=\"550\" height=\"518\" src=\"https:\/\/parinmetais.com.br\/site\/wp-content\/uploads\/2025\/04\/safsdfga.png\" class=\"attachment-woocommerce_thumbnail size-woocommerce_thumbnail\" alt=\"\" srcset=\"https:\/\/parinmetais.com.br\/site\/wp-content\/uploads\/2025\/04\/safsdfga.png 550w, https:\/\/parinmetais.com.br\/site\/wp-content\/uploads\/2025\/04\/safsdfga-300x283.png 300w, https:\/\/parinmetais.com.br\/site\/wp-content\/uploads\/2025\/04\/safsdfga-480x452.png 480w\" sizes=\"(max-width: 550px) 100vw, 550px\" \/><\/div><div class=\"product-info\"><\/div>\t<\/div>\n<\/li>\n<li class=\"post-10292 product type-product status-publish has-post-thumbnail hentry product_cat-unioes\">\n\t<div class=\"inner\">\n\t<div class=\"product-thumbnail\"><img decoding=\"async\" width=\"550\" height=\"518\" src=\"https:\/\/parinmetais.com.br\/site\/wp-content\/uploads\/2025\/04\/flange_uniao_aluminio_40A.png\" class=\"attachment-woocommerce_thumbnail size-woocommerce_thumbnail\" alt=\"\" srcset=\"https:\/\/parinmetais.com.br\/site\/wp-content\/uploads\/2025\/04\/flange_uniao_aluminio_40A.png 550w, https:\/\/parinmetais.com.br\/site\/wp-content\/uploads\/2025\/04\/flange_uniao_aluminio_40A-300x283.png 300w, https:\/\/parinmetais.com.br\/site\/wp-content\/uploads\/2025\/04\/flange_uniao_aluminio_40A-480x452.png 480w\" sizes=\"(max-width: 550px) 100vw, 550px\" \/><\/div><div class=\"product-info\"><\/div>\t<\/div>\n<\/li>\n<li class=\"post-10215 product type-product status-publish has-post-thumbnail hentry product_cat-esguichos\">\n\t<div class=\"inner\">\n\t<div class=\"product-thumbnail\"><img decoding=\"async\" width=\"550\" height=\"518\" src=\"https:\/\/parinmetais.com.br\/site\/wp-content\/uploads\/2025\/04\/20.png\" class=\"attachment-woocommerce_thumbnail size-woocommerce_thumbnail\" alt=\"\" srcset=\"https:\/\/parinmetais.com.br\/site\/wp-content\/uploads\/2025\/04\/20.png 550w, https:\/\/parinmetais.com.br\/site\/wp-content\/uploads\/2025\/04\/20-300x283.png 300w, https:\/\/parinmetais.com.br\/site\/wp-content\/uploads\/2025\/04\/20-480x452.png 480w\" sizes=\"(max-width: 550px) 100vw, 550px\" \/><\/div><div class=\"product-info\"><\/div>\t<\/div>\n<\/li>\n<li class=\"post-10211 product type-product status-publish has-post-thumbnail hentry product_cat-esguichos\">\n\t<div class=\"inner\">\n\t<div class=\"product-thumbnail\"><img loading=\"lazy\" decoding=\"async\" width=\"550\" height=\"518\" src=\"https:\/\/parinmetais.com.br\/site\/wp-content\/uploads\/2025\/04\/21.png\" class=\"attachment-woocommerce_thumbnail size-woocommerce_thumbnail\" alt=\"\" srcset=\"https:\/\/parinmetais.com.br\/site\/wp-content\/uploads\/2025\/04\/21.png 550w, https:\/\/parinmetais.com.br\/site\/wp-content\/uploads\/2025\/04\/21-300x283.png 300w, https:\/\/parinmetais.com.br\/site\/wp-content\/uploads\/2025\/04\/21-480x452.png 480w\" sizes=\"(max-width: 550px) 100vw, 550px\" \/><\/div><div class=\"product-info\"><\/div>\t<\/div>\n<\/li>\n<li class=\"post-10206 product type-product status-publish has-post-thumbnail hentry product_cat-esguichos\">\n\t<div class=\"inner\">\n\t<div class=\"product-thumbnail\"><img loading=\"lazy\" decoding=\"async\" width=\"550\" height=\"518\" src=\"https:\/\/parinmetais.com.br\/site\/wp-content\/uploads\/2025\/04\/17.png\" class=\"attachment-woocommerce_thumbnail size-woocommerce_thumbnail\" alt=\"\" srcset=\"https:\/\/parinmetais.com.br\/site\/wp-content\/uploads\/2025\/04\/17.png 550w, https:\/\/parinmetais.com.br\/site\/wp-content\/uploads\/2025\/04\/17-300x283.png 300w, https:\/\/parinmetais.com.br\/site\/wp-content\/uploads\/2025\/04\/17-480x452.png 480w\" sizes=\"(max-width: 550px) 100vw, 550px\" \/><\/div><div class=\"product-info\"><\/div>\t<\/div>\n<\/li>\n<\/ul><\/div>\r\n[\/vc_column][\/vc_row][vc_row css=&#8221;.vc_custom_1558342147282{background-color: #f7f9fa !important;background-position: center !important;background-repeat: no-repeat !important;background-size: cover !important;}&#8221;][vc_column]\r\n\t<div class=\"bauer-spacer clearfix\" data-desktop=\"92\" data-mobi=\"60\" data-smobi=\"60\"><\/div>[vc_row_inner][vc_column_inner width=&#8221;1\/2&#8243;]\r\n\t<div class=\"bauer-spacer clearfix\" data-desktop=\"8\" data-mobi=\"8\" data-smobi=\"8\"><\/div><div class=\"bauer-simple-image  wow \" style=\"\"  data-wow-duration=\"\" data-wow-delay=\"\">\r\n\t\t\t<img decoding=\"async\" alt=\"image\" src=\"https:\/\/parinmetais.com.br\/site\/wp-content\/uploads\/2024\/04\/thumb.png\" \/> \r\n\t\t<\/div>\r\n\t<div class=\"bauer-spacer clearfix\" data-desktop=\"0\" data-mobi=\"40\" data-smobi=\"40\"><\/div>[\/vc_column_inner][vc_column_inner width=&#8221;1\/2&#8243;]<div class=\"bauer-content-box clearfix \" data-padding=\"0px 0px 0px 35px\" data-mobipadding=\"0px 0px 0px 0px\" data-margin=\"\" data-mobimargin=\"\" >\r\n\t\t<div class=\"inner ctb-522425928\" style=\"\"  data-background=\"\">\r\n\t\t\t<h2 class=\"bauer-text clearfix \" style=\"font-size:42px;line-height:50px;margin-bottom:32px;\"><p><strong>V\u00eddeo<\/strong> institucional<\/p>\n<\/h2><div class=\"bauer-icon-box clearfix icon-left2 align-left  simple\" style=\"\" ><div class=\"wrap-inner\" style=\"position: relative;\"><div class=\"bauer-icon icon-828010250 accent custom\"  data-background=\"\">\r\n\t\t\t\t<span class=\"icon\" style=\"font-size:20px;width:28px;height:28px;border-style:solid;line-height:32px;\"><i class=\"elegant-icon_check_alt\"><\/i><\/span>\r\n\t\t\t<\/div> <h3 class=\"heading \" style=\"margin-left:34px;font-weight:400;color:#414042;font-size:18px;line-height:28px;margin-bottom:10px;\">\r\n\t\t\t<span>Nossos Valores<\/span>\r\n\t\t<\/h3><div class=\"desc\" style=\"font-size:14px;line-height:24px;\"><p>Saiba mais sobre a Parin atrav\u00e9s de nosso v\u00eddeo<\/p>\n<\/div> <\/div><\/div>\r\n\t<div class=\"bauer-spacer clearfix\" data-desktop=\"34\" data-mobi=\"30\" data-smobi=\"30\"><\/div><div class=\"bauer-icon-box clearfix icon-left2 align-left  simple\" style=\"\" ><div class=\"wrap-inner\" style=\"position: relative;\"><div class=\"bauer-icon icon-874281590 accent custom\"  data-background=\"\">\r\n\t\t\t\t<span class=\"icon\" style=\"font-size:20px;width:28px;height:28px;border-style:solid;line-height:32px;\"><i class=\"elegant-icon_check_alt\"><\/i><\/span>\r\n\t\t\t<\/div> <h3 class=\"heading \" style=\"margin-left:34px;font-weight:400;color:#414042;font-size:18px;line-height:28px;margin-bottom:10px;\">\r\n\t\t\t<span>Nossa linha de produtos<\/span>\r\n\t\t<\/h3><div class=\"desc\" style=\"font-size:14px;line-height:24px;\"><p>Nosso cat\u00e1logo, da forma como produzimos at\u00e9 a entrega ao nosso cliente<\/p>\n<\/div> <\/div><\/div>\r\n\t<div class=\"bauer-spacer clearfix\" data-desktop=\"34\" data-mobi=\"30\" data-smobi=\"30\"><\/div><div class=\"bauer-icon-box clearfix icon-left2 align-left  simple\" style=\"\" ><div class=\"wrap-inner\" style=\"position: relative;\"><div class=\"bauer-icon icon-58819165 accent custom\"  data-background=\"\">\r\n\t\t\t\t<span class=\"icon\" style=\"font-size:20px;width:28px;height:28px;border-style:solid;line-height:32px;\"><i class=\"elegant-icon_check_alt\"><\/i><\/span>\r\n\t\t\t<\/div> <h3 class=\"heading \" style=\"margin-left:34px;font-weight:400;color:#414042;font-size:18px;line-height:28px;margin-bottom:10px;\">\r\n\t\t\t<span>Representantes em todo o pa\u00eds<\/span>\r\n\t\t<\/h3><div class=\"desc\" style=\"font-size:14px;line-height:24px;\"><p>Para cada estado desse vasto pa\u00eds, uma representante pronta para garantir o melhor atendimento<\/p>\n<\/div> <\/div><\/div>\r\n\t\t<\/div>\r\n\t<\/div>[\/vc_column_inner][\/vc_row_inner]\r\n\t<div class=\"bauer-spacer clearfix\" data-desktop=\"50\" data-mobi=\"40\" data-smobi=\"40\"><\/div>[vc_row_inner][vc_column_inner width=&#8221;1\/3&#8243;]<div class=\"bauer-icon-box clearfix icon-left align-left hover-style-2 simple\" style=\"background-color:#ffffff;padding:27px 30px 27px 30px;border-radius:5px;\" ><div class=\"hover\" style=\"border-radius:5px;\"><\/div><div class=\"wrap-inner\" style=\"position: relative;\"><div class=\"bauer-icon icon-1739584394 accent custom\"  data-background=\"\">\r\n\t\t\t\t<span class=\"icon\" style=\"font-size:40px;width:40px;height:50px;border-style:solid;line-height:58px;\"><i class=\"elegant-icon_check_alt2\"><\/i><\/span>\r\n\t\t\t<\/div> <h3 class=\"heading \" style=\"padding-left:68px;font-size:20px;line-height:24px;margin-bottom:3px;\">\r\n\t\t\t<span>Experi\u00eancia<\/span>\r\n\t\t<\/h3><div class=\"desc\" style=\"padding-left:68px;font-weight:500;\"><p>Equipe interna qualificada e em constante evolu\u00e7\u00e3o<\/p>\n<\/div> <div class=\"hover\" style=\"border-radius:5px;\"><\/div><\/div><\/div>\r\n\t<div class=\"bauer-spacer clearfix\" data-desktop=\"0\" data-mobi=\"30\" data-smobi=\"30\"><\/div>[\/vc_column_inner][vc_column_inner width=&#8221;1\/3&#8243;]<div class=\"bauer-icon-box clearfix icon-left align-left hover-style-2 simple\" style=\"background-color:#ffffff;padding:27px 30px 27px 30px;border-radius:5px;\" ><div class=\"hover\" style=\"border-radius:5px;\"><\/div><div class=\"wrap-inner\" style=\"position: relative;\"><div class=\"bauer-icon icon-2043228636 accent custom\"  data-background=\"\">\r\n\t\t\t\t<span class=\"icon\" style=\"font-size:40px;width:40px;height:50px;border-style:solid;line-height:58px;\"><i class=\"elegant-icon_check_alt2\"><\/i><\/span>\r\n\t\t\t<\/div> <h3 class=\"heading \" style=\"padding-left:68px;font-size:20px;line-height:24px;margin-bottom:3px;\">\r\n\t\t\t<span>Atendimento<\/span>\r\n\t\t<\/h3><div class=\"desc\" style=\"padding-left:68px;font-weight:500;\"><p>De segunda \u00e0 sexta-feira, das 8h \u00e0s 17h<\/p>\n<\/div> <div class=\"hover\" style=\"border-radius:5px;\"><\/div><\/div><\/div>\r\n\t<div class=\"bauer-spacer clearfix\" data-desktop=\"0\" data-mobi=\"30\" data-smobi=\"30\"><\/div>[\/vc_column_inner][vc_column_inner width=&#8221;1\/3&#8243;]<div class=\"bauer-icon-box clearfix icon-left align-left hover-style-2 simple\" style=\"background-color:#ffffff;padding:27px 30px 27px 30px;border-radius:5px;\" ><div class=\"hover\" style=\"border-radius:5px;\"><\/div><div class=\"wrap-inner\" style=\"position: relative;\"><div class=\"bauer-icon icon-546016590 accent custom\"  data-background=\"\">\r\n\t\t\t\t<span class=\"icon\" style=\"font-size:40px;width:40px;height:50px;border-style:solid;line-height:58px;\"><i class=\"elegant-icon_check_alt2\"><\/i><\/span>\r\n\t\t\t<\/div> <h3 class=\"heading \" style=\"padding-left:68px;font-size:20px;line-height:24px;margin-bottom:3px;\">\r\n\t\t\t<span>Documenta\u00e7\u00e3o<\/span>\r\n\t\t<\/h3><div class=\"desc\" style=\"padding-left:68px;font-weight:500;\"><p>Datasheets dispon\u00edveis para download<\/p>\n<\/div> <div class=\"hover\" style=\"border-radius:5px;\"><\/div><\/div><\/div>[\/vc_column_inner][\/vc_row_inner]\r\n\t<div class=\"bauer-spacer clearfix\" data-desktop=\"100\" data-mobi=\"60\" data-smobi=\"60\"><\/div>[\/vc_column][\/vc_row][vc_row css=&#8221;.vc_custom_1557834784584{background-image: url(http:\/\/parinmetais.com.br\/site\/wp-content\/uploads\/2019\/05\/section-bg6.jpg?id=8098) !important;background-position: center !important;background-repeat: no-repeat !important;background-size: cover !important;}&#8221;][vc_column]\r\n\t<div class=\"bauer-spacer clearfix\" data-desktop=\"94\" data-mobi=\"60\" data-smobi=\"60\"><\/div><h2 class=\"bauer-text clearfix text-center\" style=\"font-size:42px;line-height:50px;color:#ffffff;margin-bottom:30px;\"><p><span class=\"font-weight-300\">Seja um parceiro da <strong>Parin<\/strong>!<br \/>\n<\/span><\/p>\n<\/h2><div class=\"bauer-text clearfix text-center\" style=\"font-size:18px;line-height:30px;color:#ffffff;max-width:890px;margin-left: auto; margin-right: auto;\"><p style=\"text-align: center;\">Mais que oferecer bons produtos, a Parin quer se tornar uma parceira de seus clientes, garantindo o melhor pre\u00e7o, qualidade e entrega r\u00e1pida! Construir a nossa hist\u00f3ria junto com a de nossos clientes!<\/p>\n<\/div>\r\n\t<div class=\"bauer-spacer clearfix\" data-desktop=\"50\" data-mobi=\"30\" data-smobi=\"30\"><\/div><div class=\"bauer-align-box text-center\"><div class=\"button-wrap icon-right\" style=\"\" ><a href=\"wa.me\/5511942552341\" target=\"_self\" class=\"bauer-button btn-173413406 medium no_icon accent\" style=\"border-radius:30px;\"  data-text=\"#ffffff\">\r\n\t\t<span style=\"\">Deixe a Parin surpreender voc\u00ea! <\/span>\r\n\t<\/a><\/div><\/div>\r\n\t<div class=\"bauer-spacer clearfix\" data-desktop=\"100\" data-mobi=\"60\" data-smobi=\"60\"><\/div>[\/vc_column][\/vc_row]<\/p>\n<\/section>","protected":false},"excerpt":{"rendered":"<p>[vc_row arrow=&#8221;yes&#8221; scroll_id=&#8221;first-row&#8221;][vc_column][rev_slider_vc alias=&#8221;slider-1&#8243;][\/vc_column][\/vc_row][vc_row css=&#8221;.vc_custom_1558753815078{background-image: url(http:\/\/parinmetais.com.br\/site\/wp-content\/uploads\/2019\/05\/main-bg-1.png?id=8860) !important;background-position: center !important;background-repeat: no-repeat !important;background-size: cover !important;}&#8221; el_id=&#8221;first-row&#8221;][vc_column][vc_row_inner][vc_column_inner width=&#8221;1\/2&#8243;][\/vc_column_inner][vc_column_inner width=&#8221;1\/2&#8243;][\/vc_column_inner][\/vc_row_inner][\/vc_column][\/vc_row][vc_row css=&#8221;.vc_custom_1558262963274{background-image: url(http:\/\/parinmetais.com.br\/site\/wp-content\/uploads\/2019\/05\/section-bg2-3.jpg?id=8529) !important;background-position: center !important;background-repeat: no-repeat !important;background-size: cover !important;}&#8221;][vc_column][vc_row_inner][vc_column_inner width=&#8221;1\/3&#8243;][\/vc_column_inner][vc_column_inner width=&#8221;1\/3&#8243;][\/vc_column_inner][vc_column_inner width=&#8221;1\/3&#8243;][\/vc_column_inner][\/vc_row_inner][\/vc_column][\/vc_row][vc_row css=&#8221;.vc_custom_1558754436718{background-image: url(http:\/\/parinmetais.com.br\/site\/wp-content\/uploads\/2019\/05\/main-bg-2.png?id=8865) !important;background-position: center !important;background-repeat: no-repeat !important;background-size: cover !important;}&#8221;][vc_column][\/vc_column][\/vc_row][vc_row css=&#8221;.vc_custom_1558342147282{background-color: #f7f9fa !important;background-position: center !important;background-repeat: no-repeat !important;background-size: cover !important;}&#8221;][vc_column][vc_row_inner][vc_column_inner width=&#8221;1\/2&#8243;][\/vc_column_inner][vc_column_inner width=&#8221;1\/2&#8243;][\/vc_column_inner][\/vc_row_inner][vc_row_inner][vc_column_inner width=&#8221;1\/3&#8243;][\/vc_column_inner][vc_column_inner width=&#8221;1\/3&#8243;][\/vc_column_inner][vc_column_inner<\/p>\n","protected":false},"author":1,"featured_media":0,"parent":0,"menu_order":0,"comment_status":"closed","ping_status":"closed","template":"","meta":{"_monsterinsights_skip_tracking":false,"_monsterinsights_sitenote_active":false,"_monsterinsights_sitenote_note":"","_monsterinsights_sitenote_category":0,"_joinchat":[],"footnotes":""},"class_list":["post-8294","page","type-page","status-publish","hentry"],"aioseo_notices":[],"jetpack_sharing_enabled":true,"_links":{"self":[{"href":"https:\/\/parinmetais.com.br\/site\/wp-json\/wp\/v2\/pages\/8294","targetHints":{"allow":["GET"]}}],"collection":[{"href":"https:\/\/parinmetais.com.br\/site\/wp-json\/wp\/v2\/pages"}],"about":[{"href":"https:\/\/parinmetais.com.br\/site\/wp-json\/wp\/v2\/types\/page"}],"author":[{"embeddable":true,"href":"https:\/\/parinmetais.com.br\/site\/wp-json\/wp\/v2\/users\/1"}],"replies":[{"embeddable":true,"href":"https:\/\/parinmetais.com.br\/site\/wp-json\/wp\/v2\/comments?post=8294"}],"version-history":[{"count":46,"href":"https:\/\/parinmetais.com.br\/site\/wp-json\/wp\/v2\/pages\/8294\/revisions"}],"predecessor-version":[{"id":9606,"href":"https:\/\/parinmetais.com.br\/site\/wp-json\/wp\/v2\/pages\/8294\/revisions\/9606"}],"wp:attachment":[{"href":"https:\/\/parinmetais.com.br\/site\/wp-json\/wp\/v2\/media?parent=8294"}],"curies":[{"name":"wp","href":"https:\/\/api.w.org\/{rel}","templated":true}]}}