{"id":10003,"date":"2025-04-04T15:59:59","date_gmt":"2025-04-04T18:59:59","guid":{"rendered":"https:\/\/parinmetais.com.br\/site\/?post_type=product&#038;p=10003"},"modified":"2025-04-18T18:20:22","modified_gmt":"2025-04-18T21:20:22","slug":"cod-13713-esguicho-regulavel-2-1-2-aluminio","status":"publish","type":"product","link":"https:\/\/parinmetais.com.br\/site\/product\/cod-13713-esguicho-regulavel-2-1-2-aluminio\/","title":{"rendered":"Esguicho Regul\u00e1vel 2.1\/2&#8243; &#8211; Alum\u00ednio"},"content":{"rendered":"<p>O <strong>Esguicho Regul\u00e1vel <\/strong>\u00e9 fabricado em Lat\u00e3o fundido ou Alum\u00ednio, com acabamento: jateado e usinado. Utilizado na ponta de mangueiras de inc\u00eandio que possuem uma conex\u00e3o do tipo storz, geralmente operado em tr\u00eas poss\u00edveis posi\u00e7\u00f5es, bocal aberto, neblina e bocal fechado, podendo alcan\u00e7ar um leque de abertura de at\u00e9 120\u00b0.<\/p>\n<h6><strong>Downloads:<\/strong> <a href=\"http:\/\/parinmetais.com.br\/site\/wp-content\/uploads\/2025\/04\/13713_Esguicho_Regulavel_212_Aluminio.pdf\" target=\"_blank\" rel=\"noopener\">Datasheet<\/a><\/h6>\n<h6><a href=\"https:\/\/wa.me\/5511942552341\" target=\"_blank\" rel=\"noopener\"><strong>Clique aqui para solicitar or\u00e7amento<\/strong><\/a><\/h6>\n","protected":false},"excerpt":{"rendered":"<div class=\"woocommerce-product-details__short-description\">\n<p>O <strong>Esguicho Regul\u00e1vel <\/strong>\u00e9 fabricado em Lat\u00e3o fundido ou Alum\u00ednio, com acabamento: jateado e usinado. Utilizado na ponta de mangueiras de inc\u00eandio que possuem uma conex\u00e3o do tipo storz, geralmente operado em tr\u00eas poss\u00edveis posi\u00e7\u00f5es, bocal aberto, neblina e bocal fechado, podendo alcan\u00e7ar um leque de abertura de at\u00e9 120\u00b0.<\/p>\n<h6><strong>Downloads:<\/strong> <a href=\"http:\/\/parinmetais.com.br\/site\/wp-content\/uploads\/2025\/04\/13713_Esguicho_Regulavel_212_Aluminio.pdf\" target=\"_blank\" rel=\"noopener\">Datasheet<\/a><\/h6>\n<h6><a href=\"https:\/\/wa.me\/5511942552341\" target=\"_blank\" rel=\"noopener\"><strong>Clique aqui para solicitar or\u00e7amento<\/strong><\/a><\/h6>\n<\/div>\n","protected":false},"featured_media":10122,"comment_status":"open","ping_status":"closed","template":"","meta":{"_monsterinsights_skip_tracking":false,"_monsterinsights_sitenote_active":false,"_monsterinsights_sitenote_note":"","_monsterinsights_sitenote_category":0,"_joinchat":[]},"product_cat":[45],"product_tag":[],"class_list":["post-10003","product","type-product","status-publish","has-post-thumbnail","hentry","product_cat-esguichos"],"aioseo_notices":[],"jetpack_sharing_enabled":true,"_links":{"self":[{"href":"https:\/\/parinmetais.com.br\/site\/wp-json\/wp\/v2\/product\/10003","targetHints":{"allow":["GET"]}}],"collection":[{"href":"https:\/\/parinmetais.com.br\/site\/wp-json\/wp\/v2\/product"}],"about":[{"href":"https:\/\/parinmetais.com.br\/site\/wp-json\/wp\/v2\/types\/product"}],"replies":[{"embeddable":true,"href":"https:\/\/parinmetais.com.br\/site\/wp-json\/wp\/v2\/comments?post=10003"}],"version-history":[{"count":2,"href":"https:\/\/parinmetais.com.br\/site\/wp-json\/wp\/v2\/product\/10003\/revisions"}],"predecessor-version":[{"id":10123,"href":"https:\/\/parinmetais.com.br\/site\/wp-json\/wp\/v2\/product\/10003\/revisions\/10123"}],"wp:featuredmedia":[{"embeddable":true,"href":"https:\/\/parinmetais.com.br\/site\/wp-json\/wp\/v2\/media\/10122"}],"wp:attachment":[{"href":"https:\/\/parinmetais.com.br\/site\/wp-json\/wp\/v2\/media?parent=10003"}],"wp:term":[{"taxonomy":"product_cat","embeddable":true,"href":"https:\/\/parinmetais.com.br\/site\/wp-json\/wp\/v2\/product_cat?post=10003"},{"taxonomy":"product_tag","embeddable":true,"href":"https:\/\/parinmetais.com.br\/site\/wp-json\/wp\/v2\/product_tag?post=10003"}],"curies":[{"name":"wp","href":"https:\/\/api.w.org\/{rel}","templated":true}]}}