{"id":10015,"date":"2025-04-04T17:07:19","date_gmt":"2025-04-04T20:07:19","guid":{"rendered":"https:\/\/parinmetais.com.br\/site\/?post_type=product&#038;p=10015"},"modified":"2025-04-18T18:17:47","modified_gmt":"2025-04-18T21:17:47","slug":"cod-13672-registro-globo-pn16-45o-x-2-1-2-grooved-76mm-x-5fpp-bsp-industrial","status":"publish","type":"product","link":"https:\/\/parinmetais.com.br\/site\/product\/cod-13672-registro-globo-pn16-45o-x-2-1-2-grooved-76mm-x-5fpp-bsp-industrial\/","title":{"rendered":"Registro Globo PN16 45\u00ba x 2.1\/2&#8243; Grooved 76mm x 5FPP BSP &#8211; Industrial"},"content":{"rendered":"<p>Projetada para oferecer tomada de \u00e1gua em sistemas de hidrantes para combate a inc\u00eandios. Com constru\u00e7\u00e3o robusta e confi\u00e1vel, essa v\u00e1lvula proporciona opera\u00e7\u00e3o eficiente e durabilidade prolongada, mesmo em condi\u00e7\u00f5es exigentes.<\/p>\n<h6><strong>Downloads:<\/strong> <a href=\"http:\/\/parinmetais.com.br\/site\/wp-content\/uploads\/2025\/04\/13672_Registro_Globo_pn16_76mm.pdf\" target=\"_blank\" rel=\"noopener\">Datasheet<\/a><\/h6>\n<h6><a href=\"https:\/\/wa.me\/5511942552341\" target=\"_blank\" rel=\"noopener\"><strong>Clique aqui para solicitar or\u00e7amento<\/strong><\/a><\/h6>\n","protected":false},"excerpt":{"rendered":"<p>Projetada para oferecer tomada de \u00e1gua em sistemas de hidrantes para combate a inc\u00eandios. Com constru\u00e7\u00e3o robusta e confi\u00e1vel, essa v\u00e1lvula proporciona opera\u00e7\u00e3o eficiente e durabilidade prolongada, mesmo em condi\u00e7\u00f5es exigentes.<\/p>\n<h6><strong>Downloads:<\/strong> <a href=\"http:\/\/parinmetais.com.br\/site\/wp-content\/uploads\/2025\/04\/13672_Registro_Globo_pn16_76mm.pdf\" target=\"_blank\" rel=\"noopener\">Datasheet<\/a><\/h6>\n<h6><a href=\"https:\/\/wa.me\/5511942552341\" target=\"_blank\" rel=\"noopener\"><strong>Clique aqui para solicitar or\u00e7amento<\/strong><\/a><\/h6>\n<h6><a href=\"https:\/\/wa.me\/5511942552341\" target=\"_blank\" rel=\"noopener\"><strong><\/strong><\/a><\/h6>\n","protected":false},"featured_media":10118,"comment_status":"open","ping_status":"closed","template":"","meta":{"_monsterinsights_skip_tracking":false,"_monsterinsights_sitenote_active":false,"_monsterinsights_sitenote_note":"","_monsterinsights_sitenote_category":0,"_joinchat":[]},"product_cat":[39],"product_tag":[],"class_list":["post-10015","product","type-product","status-publish","has-post-thumbnail","hentry","product_cat-registros"],"aioseo_notices":[],"jetpack_sharing_enabled":true,"_links":{"self":[{"href":"https:\/\/parinmetais.com.br\/site\/wp-json\/wp\/v2\/product\/10015","targetHints":{"allow":["GET"]}}],"collection":[{"href":"https:\/\/parinmetais.com.br\/site\/wp-json\/wp\/v2\/product"}],"about":[{"href":"https:\/\/parinmetais.com.br\/site\/wp-json\/wp\/v2\/types\/product"}],"replies":[{"embeddable":true,"href":"https:\/\/parinmetais.com.br\/site\/wp-json\/wp\/v2\/comments?post=10015"}],"version-history":[{"count":4,"href":"https:\/\/parinmetais.com.br\/site\/wp-json\/wp\/v2\/product\/10015\/revisions"}],"predecessor-version":[{"id":10119,"href":"https:\/\/parinmetais.com.br\/site\/wp-json\/wp\/v2\/product\/10015\/revisions\/10119"}],"wp:featuredmedia":[{"embeddable":true,"href":"https:\/\/parinmetais.com.br\/site\/wp-json\/wp\/v2\/media\/10118"}],"wp:attachment":[{"href":"https:\/\/parinmetais.com.br\/site\/wp-json\/wp\/v2\/media?parent=10015"}],"wp:term":[{"taxonomy":"product_cat","embeddable":true,"href":"https:\/\/parinmetais.com.br\/site\/wp-json\/wp\/v2\/product_cat?post=10015"},{"taxonomy":"product_tag","embeddable":true,"href":"https:\/\/parinmetais.com.br\/site\/wp-json\/wp\/v2\/product_tag?post=10015"}],"curies":[{"name":"wp","href":"https:\/\/api.w.org\/{rel}","templated":true}]}}