{"id":10052,"date":"2025-04-15T17:13:19","date_gmt":"2025-04-15T20:13:19","guid":{"rendered":"https:\/\/parinmetais.com.br\/site\/?post_type=product&#038;p=10052"},"modified":"2025-04-22T10:27:06","modified_gmt":"2025-04-22T13:27:06","slug":"mangueira-parin-flex-tipo-1-1%c2%bd","status":"publish","type":"product","link":"https:\/\/parinmetais.com.br\/site\/product\/mangueira-parin-flex-tipo-1-1%c2%bd\/","title":{"rendered":"Mangueira Parin Flex Tipo 1 &#8211; 1\u00bd&#8221; Uni\u00f5es em Alum\u00ednio ou Mistas"},"content":{"rendered":"","protected":false},"excerpt":{"rendered":"<p>A <strong data-start=\"170\" data-end=\"239\">Mangueira de Combate a Inc\u00eandio Tipo 1 &#8211; 1 \u00bd\u201d\u00a0 Parin Flex com uni\u00f5es em alum\u00ednio<\/strong> \u00e9 ideal para edifica\u00e7\u00f5es comerciais, industriais e residenciais que seguem as exig\u00eancias da <strong data-start=\"332\" data-end=\"345\">NBR 11861<\/strong>. Desenvolvida com alta resist\u00eancia e durabilidade, \u00e9 indicada para uso <strong data-start=\"441\" data-end=\"467\">exclusivamente predial<\/strong>, em locais com abrigo de mangueiras.<\/p>\n<p><a href=\"https:\/\/parinmetais.com.br\/site\/wp-content\/uploads\/2025\/04\/Datasheet%20Mangueiras%20Parin%20Flex%20%281%29.pdf\"><strong>Donwloads: Datasheet<\/strong><\/a><\/p>\n<p><strong><a href=\"https:\/\/wa.me\/5511942552341\">Clique aqui para solicitar or\u00e7amento<\/a><\/strong><\/p>\n","protected":false},"featured_media":10287,"comment_status":"open","ping_status":"closed","template":"","meta":{"_monsterinsights_skip_tracking":false,"_monsterinsights_sitenote_active":false,"_monsterinsights_sitenote_note":"","_monsterinsights_sitenote_category":0,"_joinchat":[]},"product_cat":[67],"product_tag":[],"class_list":["post-10052","product","type-product","status-publish","has-post-thumbnail","hentry","product_cat-mangueiras"],"aioseo_notices":[],"jetpack_sharing_enabled":true,"_links":{"self":[{"href":"https:\/\/parinmetais.com.br\/site\/wp-json\/wp\/v2\/product\/10052","targetHints":{"allow":["GET"]}}],"collection":[{"href":"https:\/\/parinmetais.com.br\/site\/wp-json\/wp\/v2\/product"}],"about":[{"href":"https:\/\/parinmetais.com.br\/site\/wp-json\/wp\/v2\/types\/product"}],"replies":[{"embeddable":true,"href":"https:\/\/parinmetais.com.br\/site\/wp-json\/wp\/v2\/comments?post=10052"}],"version-history":[{"count":3,"href":"https:\/\/parinmetais.com.br\/site\/wp-json\/wp\/v2\/product\/10052\/revisions"}],"predecessor-version":[{"id":10064,"href":"https:\/\/parinmetais.com.br\/site\/wp-json\/wp\/v2\/product\/10052\/revisions\/10064"}],"wp:featuredmedia":[{"embeddable":true,"href":"https:\/\/parinmetais.com.br\/site\/wp-json\/wp\/v2\/media\/10287"}],"wp:attachment":[{"href":"https:\/\/parinmetais.com.br\/site\/wp-json\/wp\/v2\/media?parent=10052"}],"wp:term":[{"taxonomy":"product_cat","embeddable":true,"href":"https:\/\/parinmetais.com.br\/site\/wp-json\/wp\/v2\/product_cat?post=10052"},{"taxonomy":"product_tag","embeddable":true,"href":"https:\/\/parinmetais.com.br\/site\/wp-json\/wp\/v2\/product_tag?post=10052"}],"curies":[{"name":"wp","href":"https:\/\/api.w.org\/{rel}","templated":true}]}}