{"id":10206,"date":"2025-04-18T19:41:21","date_gmt":"2025-04-18T22:41:21","guid":{"rendered":"https:\/\/parinmetais.com.br\/site\/?post_type=product&#038;p=10206"},"modified":"2025-08-01T04:12:05","modified_gmt":"2025-08-01T07:12:05","slug":"esguicho-jato-solido-19mm-2-1-2-latao","status":"publish","type":"product","link":"https:\/\/parinmetais.com.br\/site\/product\/esguicho-jato-solido-19mm-2-1-2-latao\/","title":{"rendered":"Esguicho Jato S\u00f3lido 19mm 2.1\/2&#8243; &#8211; Lat\u00e3o"},"content":{"rendered":"<div class=\"woocommerce-product-details__short-description\">\n<div class=\"woocommerce-product-details__short-description\">\n<p>Esguicho de jato s\u00f3lido de 21\/2 polegadas, fabricado em lat\u00e3o resistente, projetado para aplica\u00e7\u00f5es de combate a inc\u00eandios em larga escala. Flange e tubo fundido, com alto desempenho e robustez, adequado para ambientes industriais e comerciais exigentes. Compat\u00edvel com conex\u00f5es padr\u00e3o Storz, garantindo facilidade de uso e confiabilidade nas opera\u00e7\u00f5es.<\/p>\n<h6><strong>Downloads:<\/strong> <a href=\"http:\/\/parinmetais.com.br\/site\/wp-content\/uploads\/2023\/12\/Esguicho_JS_212.pdf\">Datasheet<\/a><\/h6>\n<h6><a href=\"https:\/\/wa.me\/5511942552341\" target=\"_blank\" rel=\"noopener\"><strong>Clique aqui para solicitar or\u00e7amento<\/strong><\/a><\/h6>\n<\/div>\n<\/div>\n","protected":false},"excerpt":{"rendered":"<div class=\"woocommerce-product-details__short-description\">\n<div class=\"woocommerce-product-details__short-description\">\n<p>Esguicho de jato s\u00f3lido de 21\/2 polegadas, fabricado em lat\u00e3o resistente, projetado para aplica\u00e7\u00f5es de combate a inc\u00eandios em larga escala. Flange e tubo fundido, com alto desempenho e robustez, adequado para ambientes industriais e comerciais exigentes. Compat\u00edvel com conex\u00f5es padr\u00e3o Storz, garantindo facilidade de uso e confiabilidade nas opera\u00e7\u00f5es.<\/p>\n<h6><strong>Downloads:<\/strong> <a href=\"http:\/\/parinmetais.com.br\/site\/wp-content\/uploads\/2023\/12\/Esguicho_JS_212.pdf\">Datasheet<\/a><\/h6>\n<h6><a href=\"https:\/\/wa.me\/5511942552341\" target=\"_blank\" rel=\"noopener\"><strong>Clique aqui para solicitar or\u00e7amento<\/strong><\/a><\/h6>\n<h6><a href=\"https:\/\/wa.me\/5511942552341\" target=\"_blank\" rel=\"noopener\"><strong><\/strong><\/a><\/h6>\n<\/div>\n<\/div>\n","protected":false},"featured_media":10207,"comment_status":"open","ping_status":"closed","template":"","meta":{"_monsterinsights_skip_tracking":false,"_monsterinsights_sitenote_active":false,"_monsterinsights_sitenote_note":"","_monsterinsights_sitenote_category":0,"_joinchat":[]},"product_cat":[45],"product_tag":[],"class_list":["post-10206","product","type-product","status-publish","has-post-thumbnail","hentry","product_cat-esguichos"],"aioseo_notices":[],"jetpack_sharing_enabled":true,"_links":{"self":[{"href":"https:\/\/parinmetais.com.br\/site\/wp-json\/wp\/v2\/product\/10206","targetHints":{"allow":["GET"]}}],"collection":[{"href":"https:\/\/parinmetais.com.br\/site\/wp-json\/wp\/v2\/product"}],"about":[{"href":"https:\/\/parinmetais.com.br\/site\/wp-json\/wp\/v2\/types\/product"}],"replies":[{"embeddable":true,"href":"https:\/\/parinmetais.com.br\/site\/wp-json\/wp\/v2\/comments?post=10206"}],"version-history":[{"count":1,"href":"https:\/\/parinmetais.com.br\/site\/wp-json\/wp\/v2\/product\/10206\/revisions"}],"predecessor-version":[{"id":10208,"href":"https:\/\/parinmetais.com.br\/site\/wp-json\/wp\/v2\/product\/10206\/revisions\/10208"}],"wp:featuredmedia":[{"embeddable":true,"href":"https:\/\/parinmetais.com.br\/site\/wp-json\/wp\/v2\/media\/10207"}],"wp:attachment":[{"href":"https:\/\/parinmetais.com.br\/site\/wp-json\/wp\/v2\/media?parent=10206"}],"wp:term":[{"taxonomy":"product_cat","embeddable":true,"href":"https:\/\/parinmetais.com.br\/site\/wp-json\/wp\/v2\/product_cat?post=10206"},{"taxonomy":"product_tag","embeddable":true,"href":"https:\/\/parinmetais.com.br\/site\/wp-json\/wp\/v2\/product_tag?post=10206"}],"curies":[{"name":"wp","href":"https:\/\/api.w.org\/{rel}","templated":true}]}}