{"id":5539,"date":"2019-02-24T06:00:17","date_gmt":"2019-02-24T06:00:17","guid":{"rendered":"http:\/\/ninzio.com\/bauer\/?post_type=product&#038;p=5539"},"modified":"2025-08-01T04:11:17","modified_gmt":"2025-08-01T07:11:17","slug":"adaptador_storz_latao","status":"publish","type":"product","link":"https:\/\/parinmetais.com.br\/site\/product\/adaptador_storz_latao\/","title":{"rendered":"Adaptador Storz 1.1\/2\u2019\u2019 x 2.1\/2\u2019\u2019 5FPP &#8211; Lat\u00e3o"},"content":{"rendered":"<p>Conhe\u00e7a a excepcional linha de Adaptadores Storz da Parin, projetada para a perfeita adequa\u00e7\u00e3o de v\u00e1lvulas, proporcionando uma conex\u00e3o segura e eficiente com mangueiras de inc\u00eandio. Os Adaptadores Storz, fabricados em conformidade com as normas rigorosas NBR 14349 e 16021, destacam-se pela sua qualidade e desempenho superiores.<\/p>\n<p>Esses adaptadores oferecem op\u00e7\u00f5es vers\u00e1teis para atender \u00e0s necessidades espec\u00edficas de sua aplica\u00e7\u00e3o. Garanta a conformidade e a seguran\u00e7a em suas instala\u00e7\u00f5es com os Adaptadores Storz da Parin, uma solu\u00e7\u00e3o confi\u00e1vel e certificada para a conex\u00e3o eficaz de mangueiras de inc\u00eandio.<\/p>\n<p>Conte com a Parin para fornecer produtos que atendam aos mais altos padr\u00f5es de qualidade e seguran\u00e7a, garantindo a prote\u00e7\u00e3o ideal contra inc\u00eandios em suas instala\u00e7\u00f5es. Descubra a gama completa de Adaptadores Storz e otimize a efici\u00eancia do seu sistema de combate a inc\u00eandios com a Parin.<\/p>\n<p>C\u00d3DIGO DO PRODUTO: 12718<\/p>\n<p>DATASHEET: <a href=\"http:\/\/parinmetais.com.br\/site\/wp-content\/uploads\/2019\/02\/adaptador_212_112_datasheet_.pdf\" target=\"_blank\" rel=\"noopener\">Fa\u00e7a o download clicando aqui<\/a><\/p>\n","protected":false},"excerpt":{"rendered":"<div class=\"woocommerce-product-details__short-description\">\n<p>A linha de Adaptadores Storz da Parin \u00e9 destinada \u00e0 adequa\u00e7\u00e3o de v\u00e1lvulas para conex\u00e3o de mangueiras de inc\u00eandio. Os adaptadores Storz de 1.1\/2&#8243; s\u00e3o fabricados de acordo com as normas NBR 14349 e 16021 e dispon\u00edveis com sa\u00eddas de 1.1\/2\u201d e 2.1\/2\u201d.<\/p>\n<p>Conhe\u00e7a a excepcional linha de Adaptadores Storz da Parin, projetada para a perfeita adequa\u00e7\u00e3o de v\u00e1lvulas, proporcionando uma conex\u00e3o segura e eficiente com mangueiras de inc\u00eandio. Os Adaptadores Storz, fabricados em conformidade com as normas rigorosas NBR 14349 e 16021, destacam-se pela sua qualidade e desempenho superiores.<\/p>\n<p>C\u00d3DIGO DO PRODUTO: 12718<\/p>\n<p>DATASHEET: <a href=\"http:\/\/parinmetais.com.br\/site\/wp-content\/uploads\/2019\/02\/adaptador_212_112_datasheet_.pdf\" target=\"_blank\" rel=\"noopener\">Fa\u00e7a o download clicando aqui<\/a><\/p>\n<\/div>\n","protected":false},"featured_media":10111,"comment_status":"open","ping_status":"closed","template":"","meta":{"_monsterinsights_skip_tracking":false,"_monsterinsights_sitenote_active":false,"_monsterinsights_sitenote_note":"","_monsterinsights_sitenote_category":0,"_joinchat":[]},"product_cat":[56],"product_tag":[],"class_list":["post-5539","product","type-product","status-publish","has-post-thumbnail","hentry","product_cat-adaptadores"],"aioseo_notices":[],"jetpack_sharing_enabled":true,"_links":{"self":[{"href":"https:\/\/parinmetais.com.br\/site\/wp-json\/wp\/v2\/product\/5539","targetHints":{"allow":["GET"]}}],"collection":[{"href":"https:\/\/parinmetais.com.br\/site\/wp-json\/wp\/v2\/product"}],"about":[{"href":"https:\/\/parinmetais.com.br\/site\/wp-json\/wp\/v2\/types\/product"}],"replies":[{"embeddable":true,"href":"https:\/\/parinmetais.com.br\/site\/wp-json\/wp\/v2\/comments?post=5539"}],"version-history":[{"count":13,"href":"https:\/\/parinmetais.com.br\/site\/wp-json\/wp\/v2\/product\/5539\/revisions"}],"predecessor-version":[{"id":10112,"href":"https:\/\/parinmetais.com.br\/site\/wp-json\/wp\/v2\/product\/5539\/revisions\/10112"}],"wp:featuredmedia":[{"embeddable":true,"href":"https:\/\/parinmetais.com.br\/site\/wp-json\/wp\/v2\/media\/10111"}],"wp:attachment":[{"href":"https:\/\/parinmetais.com.br\/site\/wp-json\/wp\/v2\/media?parent=5539"}],"wp:term":[{"taxonomy":"product_cat","embeddable":true,"href":"https:\/\/parinmetais.com.br\/site\/wp-json\/wp\/v2\/product_cat?post=5539"},{"taxonomy":"product_tag","embeddable":true,"href":"https:\/\/parinmetais.com.br\/site\/wp-json\/wp\/v2\/product_tag?post=5539"}],"curies":[{"name":"wp","href":"https:\/\/api.w.org\/{rel}","templated":true}]}}