{"id":9499,"date":"2023-12-27T09:46:43","date_gmt":"2023-12-27T12:46:43","guid":{"rendered":"http:\/\/parinmetais.com.br\/site\/?post_type=product&#038;p=9499"},"modified":"2025-04-22T10:18:12","modified_gmt":"2025-04-22T13:18:12","slug":"esguicho-regulavel-1-1-2-latao","status":"publish","type":"product","link":"https:\/\/parinmetais.com.br\/site\/product\/esguicho-regulavel-1-1-2-latao\/","title":{"rendered":"Esguicho Regul\u00e1vel PN16 Storz 1.1\/2&#8243;"},"content":{"rendered":"<div class=\"woocommerce-product-details__short-description\">\n<p>O <strong>Esguicho Regul\u00e1vel <\/strong>\u00e9 fabricado em Lat\u00e3o fundido ou Alum\u00ednio, com acabamento: jateado e usinado. Utilizado na ponta de mangueiras de inc\u00eandio que possuem uma conex\u00e3o do tipo storz, geralmente operado em tr\u00eas poss\u00edveis posi\u00e7\u00f5es, bocal aberto, neblina e bocal fechado, podendo alcan\u00e7ar um leque de abertura de at\u00e9 120\u00b0.<\/p>\n<h6><strong>Downloads:<\/strong> <a href=\"http:\/\/parinmetais.com.br\/site\/wp-content\/uploads\/2023\/12\/Esguicho_Regulavel_Latao_112.pdf\" target=\"_blank\" rel=\"noopener\">Datasheet<\/a><\/h6>\n<h6><a href=\"https:\/\/wa.me\/5511942552341\" target=\"_blank\" rel=\"noopener\"><strong>Clique aqui para solicitar or\u00e7amento<\/strong><\/a><\/h6>\n<p>&nbsp;<\/p>\n<\/div>\n","protected":false},"excerpt":{"rendered":"<p>O <strong>Esguicho Regul\u00e1vel <\/strong>\u00e9 fabricado em Lat\u00e3o fundido ou Alum\u00ednio, com acabamento: jateado e usinado. Utilizado na ponta de mangueiras de inc\u00eandio que possuem uma conex\u00e3o do tipo storz, geralmente operado em tr\u00eas poss\u00edveis posi\u00e7\u00f5es, bocal aberto, neblina e bocal fechado, podendo alcan\u00e7ar um leque de abertura de at\u00e9 120\u00b0.<\/p>\n<h6><strong>Downloads:<\/strong> <a href=\"http:\/\/parinmetais.com.br\/site\/wp-content\/uploads\/2023\/12\/Esguicho_Regulavel_Latao_112.pdf\" target=\"_blank\" rel=\"noopener\">Datasheet<\/a><\/h6>\n<h6><a href=\"https:\/\/wa.me\/5511942552341\" target=\"_blank\" rel=\"noopener\"><strong>Clique aqui para solicitar or\u00e7amento<\/strong><\/a><\/h6>\n","protected":false},"featured_media":10283,"comment_status":"open","ping_status":"closed","template":"","meta":{"_monsterinsights_skip_tracking":false,"_monsterinsights_sitenote_active":false,"_monsterinsights_sitenote_note":"","_monsterinsights_sitenote_category":0,"_joinchat":[]},"product_cat":[45],"product_tag":[],"class_list":["post-9499","product","type-product","status-publish","has-post-thumbnail","hentry","product_cat-esguichos"],"aioseo_notices":[],"jetpack_sharing_enabled":true,"_links":{"self":[{"href":"https:\/\/parinmetais.com.br\/site\/wp-json\/wp\/v2\/product\/9499","targetHints":{"allow":["GET"]}}],"collection":[{"href":"https:\/\/parinmetais.com.br\/site\/wp-json\/wp\/v2\/product"}],"about":[{"href":"https:\/\/parinmetais.com.br\/site\/wp-json\/wp\/v2\/types\/product"}],"replies":[{"embeddable":true,"href":"https:\/\/parinmetais.com.br\/site\/wp-json\/wp\/v2\/comments?post=9499"}],"version-history":[{"count":7,"href":"https:\/\/parinmetais.com.br\/site\/wp-json\/wp\/v2\/product\/9499\/revisions"}],"predecessor-version":[{"id":10228,"href":"https:\/\/parinmetais.com.br\/site\/wp-json\/wp\/v2\/product\/9499\/revisions\/10228"}],"wp:featuredmedia":[{"embeddable":true,"href":"https:\/\/parinmetais.com.br\/site\/wp-json\/wp\/v2\/media\/10283"}],"wp:attachment":[{"href":"https:\/\/parinmetais.com.br\/site\/wp-json\/wp\/v2\/media?parent=9499"}],"wp:term":[{"taxonomy":"product_cat","embeddable":true,"href":"https:\/\/parinmetais.com.br\/site\/wp-json\/wp\/v2\/product_cat?post=9499"},{"taxonomy":"product_tag","embeddable":true,"href":"https:\/\/parinmetais.com.br\/site\/wp-json\/wp\/v2\/product_tag?post=9499"}],"curies":[{"name":"wp","href":"https:\/\/api.w.org\/{rel}","templated":true}]}}