{"id":9512,"date":"2023-12-27T10:12:51","date_gmt":"2023-12-27T13:12:51","guid":{"rendered":"http:\/\/parinmetais.com.br\/site\/?post_type=product&#038;p=9512"},"modified":"2025-04-18T19:54:37","modified_gmt":"2025-04-18T22:54:37","slug":"esguicho-jato-solido-1-1-2","status":"publish","type":"product","link":"https:\/\/parinmetais.com.br\/site\/product\/esguicho-jato-solido-1-1-2\/","title":{"rendered":"Esguicho Jato S\u00f3lido 13mm 1.1\/2&#8243; &#8211; Lat\u00e3o"},"content":{"rendered":"<div class=\"woocommerce-product-details__short-description\">\n<p>Esguicho de jato s\u00f3lido de 1.1\/2&#8243; polegadas, fabricado em lat\u00e3o de alta resist\u00eancia, ideal para combate a inc\u00eandios. Produto monobloco, projetado para garantir alto desempenho e durabilidade. Compat\u00edvel com conex\u00f5es padr\u00e3o Storz, este esguicho \u00e9 uma solu\u00e7\u00e3o robusta para opera\u00e7\u00f5es de extin\u00e7\u00e3o de inc\u00eandios em diversas aplica\u00e7\u00f5es industriais e comerciais.<\/p>\n<h6><strong>Downloads:<\/strong> <a href=\"http:\/\/parinmetais.com.br\/site\/wp-content\/uploads\/2023\/12\/Esguicho_JS_112-13-16-19.pdf\" target=\"_blank\" rel=\"noopener\">Datasheet<\/a><\/h6>\n<h6><a href=\"https:\/\/wa.me\/5511942552341\" target=\"_blank\" rel=\"noopener\"><strong>Clique aqui para solicitar or\u00e7amento<\/strong><\/a><\/h6>\n<p>&nbsp;<\/p>\n<\/div>\n","protected":false},"excerpt":{"rendered":"<div class=\"woocommerce-product-details__short-description\">\n<p>Esguicho de jato s\u00f3lido de 1.1\/2&#8243; polegadas, fabricado em lat\u00e3o de alta resist\u00eancia, ideal para combate a inc\u00eandios. Produto monobloco, projetado para garantir alto desempenho e durabilidade. Compat\u00edvel com conex\u00f5es padr\u00e3o Storz, este esguicho \u00e9 uma solu\u00e7\u00e3o robusta para opera\u00e7\u00f5es de extin\u00e7\u00e3o de inc\u00eandios em diversas aplica\u00e7\u00f5es industriais e comerciais.<\/p>\n<h6><strong>Downloads:<\/strong> <a href=\"http:\/\/parinmetais.com.br\/site\/wp-content\/uploads\/2023\/12\/Esguicho_JS_112-13-16-19.pdf\" target=\"_blank\" rel=\"noopener\">Datasheet<\/a><\/h6>\n<h6><a href=\"https:\/\/wa.me\/5511942552341\" target=\"_blank\" rel=\"noopener\"><strong>Clique aqui para solicitar or\u00e7amento<\/strong><\/a><\/h6>\n<\/div>\n","protected":false},"featured_media":10221,"comment_status":"open","ping_status":"closed","template":"","meta":{"_monsterinsights_skip_tracking":false,"_monsterinsights_sitenote_active":false,"_monsterinsights_sitenote_note":"","_monsterinsights_sitenote_category":0,"_joinchat":[]},"product_cat":[45],"product_tag":[],"class_list":["post-9512","product","type-product","status-publish","has-post-thumbnail","hentry","product_cat-esguichos"],"aioseo_notices":[],"jetpack_sharing_enabled":true,"_links":{"self":[{"href":"https:\/\/parinmetais.com.br\/site\/wp-json\/wp\/v2\/product\/9512","targetHints":{"allow":["GET"]}}],"collection":[{"href":"https:\/\/parinmetais.com.br\/site\/wp-json\/wp\/v2\/product"}],"about":[{"href":"https:\/\/parinmetais.com.br\/site\/wp-json\/wp\/v2\/types\/product"}],"replies":[{"embeddable":true,"href":"https:\/\/parinmetais.com.br\/site\/wp-json\/wp\/v2\/comments?post=9512"}],"version-history":[{"count":8,"href":"https:\/\/parinmetais.com.br\/site\/wp-json\/wp\/v2\/product\/9512\/revisions"}],"predecessor-version":[{"id":10222,"href":"https:\/\/parinmetais.com.br\/site\/wp-json\/wp\/v2\/product\/9512\/revisions\/10222"}],"wp:featuredmedia":[{"embeddable":true,"href":"https:\/\/parinmetais.com.br\/site\/wp-json\/wp\/v2\/media\/10221"}],"wp:attachment":[{"href":"https:\/\/parinmetais.com.br\/site\/wp-json\/wp\/v2\/media?parent=9512"}],"wp:term":[{"taxonomy":"product_cat","embeddable":true,"href":"https:\/\/parinmetais.com.br\/site\/wp-json\/wp\/v2\/product_cat?post=9512"},{"taxonomy":"product_tag","embeddable":true,"href":"https:\/\/parinmetais.com.br\/site\/wp-json\/wp\/v2\/product_tag?post=9512"}],"curies":[{"name":"wp","href":"https:\/\/api.w.org\/{rel}","templated":true}]}}