{"id":9533,"date":"2023-12-27T10:34:27","date_gmt":"2023-12-27T13:34:27","guid":{"rendered":"http:\/\/parinmetais.com.br\/site\/?post_type=product&#038;p=9533"},"modified":"2025-04-18T19:35:37","modified_gmt":"2025-04-18T22:35:37","slug":"tampao-storz-com-corrente-1-1-2-aluminio","status":"publish","type":"product","link":"https:\/\/parinmetais.com.br\/site\/product\/tampao-storz-com-corrente-1-1-2-aluminio\/","title":{"rendered":"Tamp\u00e3o Fixo Storz 1.1\/2 com corrente &#8211; Alum\u00ednio"},"content":{"rendered":"<div class=\"woocommerce-product-details__short-description\">\n<div class=\"woocommerce-product-details__short-description\">\n<p>O Tamp\u00e3o Fixo Storz Cego com Corrente \u00e9 utilizado para fechamento de conex\u00f5es Storz em sistemas de combate a inc\u00eandios, prevenindo a entrada de sujeira e garantindo a estanqueidade do sistema.<br \/>\n<strong><\/strong><\/p>\n<h6><strong>Downloads:<\/strong> <a href=\"http:\/\/parinmetais.com.br\/site\/wp-content\/uploads\/2023\/12\/Tampao_fixo_storz_aluminio112.pdf\" target=\"_blank\" rel=\"noopener\">Datasheet<\/a><\/h6>\n<h6><a href=\"https:\/\/wa.me\/5511942552341\" target=\"_blank\" rel=\"noopener\"><strong>Clique aqui para solicitar or\u00e7amento<\/strong><\/a><\/h6>\n<\/div>\n<\/div>\n","protected":false},"excerpt":{"rendered":"<div class=\"woocommerce-product-details__short-description\">\n<div class=\"woocommerce-product-details__short-description\">\n<p>O Tamp\u00e3o Storz Cego com Corrente \u00e9 utilizado para fechamento de conex\u00f5es Storz em sistemas de combate a inc\u00eandios, prevenindo a entrada de sujeira e garantindo a estanqueidade do sistema.<br \/>\n<strong><\/strong><\/p>\n<h6><strong>Downloads:<\/strong> <a href=\"http:\/\/parinmetais.com.br\/site\/wp-content\/uploads\/2023\/12\/Tampao_fixo_storz_aluminio112.pdf\" target=\"_blank\" rel=\"noopener\">Datasheet<\/a><\/h6>\n<h6><a href=\"https:\/\/wa.me\/5511942552341\" target=\"_blank\" rel=\"noopener\"><strong>Clique aqui para solicitar or\u00e7amento<\/strong><\/a><\/h6>\n<p><a href=\"https:\/\/wa.me\/5511942552341\" target=\"_blank\" rel=\"noopener\"><strong><\/strong><\/a><\/p>\n<h6><a href=\"https:\/\/wa.me\/5511942552341\" target=\"_blank\" rel=\"noopener\"><strong><\/strong><\/a><\/h6>\n<\/div>\n<\/div>\n","protected":false},"featured_media":10195,"comment_status":"open","ping_status":"closed","template":"","meta":{"_monsterinsights_skip_tracking":false,"_monsterinsights_sitenote_active":false,"_monsterinsights_sitenote_note":"","_monsterinsights_sitenote_category":0,"_joinchat":[]},"product_cat":[34],"product_tag":[],"class_list":["post-9533","product","type-product","status-publish","has-post-thumbnail","hentry","product_cat-tampoes"],"aioseo_notices":[],"jetpack_sharing_enabled":true,"_links":{"self":[{"href":"https:\/\/parinmetais.com.br\/site\/wp-json\/wp\/v2\/product\/9533","targetHints":{"allow":["GET"]}}],"collection":[{"href":"https:\/\/parinmetais.com.br\/site\/wp-json\/wp\/v2\/product"}],"about":[{"href":"https:\/\/parinmetais.com.br\/site\/wp-json\/wp\/v2\/types\/product"}],"replies":[{"embeddable":true,"href":"https:\/\/parinmetais.com.br\/site\/wp-json\/wp\/v2\/comments?post=9533"}],"version-history":[{"count":11,"href":"https:\/\/parinmetais.com.br\/site\/wp-json\/wp\/v2\/product\/9533\/revisions"}],"predecessor-version":[{"id":10196,"href":"https:\/\/parinmetais.com.br\/site\/wp-json\/wp\/v2\/product\/9533\/revisions\/10196"}],"wp:featuredmedia":[{"embeddable":true,"href":"https:\/\/parinmetais.com.br\/site\/wp-json\/wp\/v2\/media\/10195"}],"wp:attachment":[{"href":"https:\/\/parinmetais.com.br\/site\/wp-json\/wp\/v2\/media?parent=9533"}],"wp:term":[{"taxonomy":"product_cat","embeddable":true,"href":"https:\/\/parinmetais.com.br\/site\/wp-json\/wp\/v2\/product_cat?post=9533"},{"taxonomy":"product_tag","embeddable":true,"href":"https:\/\/parinmetais.com.br\/site\/wp-json\/wp\/v2\/product_tag?post=9533"}],"curies":[{"name":"wp","href":"https:\/\/api.w.org\/{rel}","templated":true}]}}