{"id":9544,"date":"2023-12-27T10:42:19","date_gmt":"2023-12-27T13:42:19","guid":{"rendered":"http:\/\/parinmetais.com.br\/site\/?post_type=product&#038;p=9544"},"modified":"2025-04-18T19:34:18","modified_gmt":"2025-04-18T22:34:18","slug":"uniao-para-mangueira-1-1-2-40a-latao","status":"publish","type":"product","link":"https:\/\/parinmetais.com.br\/site\/product\/uniao-para-mangueira-1-1-2-40a-latao\/","title":{"rendered":"Uni\u00e3o para Mangueira de Inc\u00eandio 1.1\/2\u201d 40A &#8211; Predial"},"content":{"rendered":"<p>Uni\u00e3o Storz \u00e9 uma conex\u00e3o girat\u00f3ria dotada de engate r\u00e1pido que permite um r\u00e1pido acoplamento entre mangueiras ou outros componentes de um sistema de prote\u00e7\u00e3o contra inc\u00eandio. O Conjunto \u00e9 fabricado em lat\u00e3o conforme NBR 14349 ou alum\u00ednio fundido.<\/p>\n<h6><strong>Downloads:<\/strong> <a href=\"http:\/\/parinmetais.com.br\/site\/wp-content\/uploads\/2023\/12\/Uniao_40A_Latao-1.pdf\" target=\"_blank\" rel=\"noopener\">Datasheet<\/a><\/h6>\n<h6><a href=\"https:\/\/wa.me\/5511942552341\" target=\"_blank\" rel=\"noopener\"><strong>Clique aqui para solicitar or\u00e7amento<\/strong><\/a><\/h6>\n","protected":false},"excerpt":{"rendered":"<p>Uni\u00e3o Storz \u00e9 uma conex\u00e3o girat\u00f3ria dotada de engate r\u00e1pido que permite um r\u00e1pido acoplamento entre mangueiras ou outros componentes de um sistema de prote\u00e7\u00e3o contra inc\u00eandio. O Conjunto \u00e9 fabricado em lat\u00e3o conforme NBR 14349 ou alum\u00ednio fundido.<\/p>\n<h6><strong>Downloads:<\/strong> <a href=\"http:\/\/parinmetais.com.br\/site\/wp-content\/uploads\/2023\/12\/Uniao_40A_Latao-1.pdf\" target=\"_blank\" rel=\"noopener\">Datasheet<\/a><\/h6>\n<h6><a href=\"https:\/\/wa.me\/5511942552341\" target=\"_blank\" rel=\"noopener\"><strong>Clique aqui para solicitar or\u00e7amento<\/strong><\/a><\/h6>\n<h6><a href=\"https:\/\/wa.me\/5511942552341\" target=\"_blank\" rel=\"noopener\"><strong><\/strong><\/a><\/h6>\n","protected":false},"featured_media":10193,"comment_status":"open","ping_status":"closed","template":"","meta":{"_monsterinsights_skip_tracking":false,"_monsterinsights_sitenote_active":false,"_monsterinsights_sitenote_note":"","_monsterinsights_sitenote_category":0,"_joinchat":[]},"product_cat":[33],"product_tag":[],"class_list":["post-9544","product","type-product","status-publish","has-post-thumbnail","hentry","product_cat-unioes"],"aioseo_notices":[],"jetpack_sharing_enabled":true,"_links":{"self":[{"href":"https:\/\/parinmetais.com.br\/site\/wp-json\/wp\/v2\/product\/9544","targetHints":{"allow":["GET"]}}],"collection":[{"href":"https:\/\/parinmetais.com.br\/site\/wp-json\/wp\/v2\/product"}],"about":[{"href":"https:\/\/parinmetais.com.br\/site\/wp-json\/wp\/v2\/types\/product"}],"replies":[{"embeddable":true,"href":"https:\/\/parinmetais.com.br\/site\/wp-json\/wp\/v2\/comments?post=9544"}],"version-history":[{"count":6,"href":"https:\/\/parinmetais.com.br\/site\/wp-json\/wp\/v2\/product\/9544\/revisions"}],"predecessor-version":[{"id":10194,"href":"https:\/\/parinmetais.com.br\/site\/wp-json\/wp\/v2\/product\/9544\/revisions\/10194"}],"wp:featuredmedia":[{"embeddable":true,"href":"https:\/\/parinmetais.com.br\/site\/wp-json\/wp\/v2\/media\/10193"}],"wp:attachment":[{"href":"https:\/\/parinmetais.com.br\/site\/wp-json\/wp\/v2\/media?parent=9544"}],"wp:term":[{"taxonomy":"product_cat","embeddable":true,"href":"https:\/\/parinmetais.com.br\/site\/wp-json\/wp\/v2\/product_cat?post=9544"},{"taxonomy":"product_tag","embeddable":true,"href":"https:\/\/parinmetais.com.br\/site\/wp-json\/wp\/v2\/product_tag?post=9544"}],"curies":[{"name":"wp","href":"https:\/\/api.w.org\/{rel}","templated":true}]}}