{"id":9569,"date":"2023-12-27T11:01:03","date_gmt":"2023-12-27T14:01:03","guid":{"rendered":"http:\/\/parinmetais.com.br\/site\/?post_type=product&#038;p=9569"},"modified":"2025-04-18T19:17:26","modified_gmt":"2025-04-18T22:17:26","slug":"valvula-globo-2-1-2%e2%80%b3-x-45o-industrial","status":"publish","type":"product","link":"https:\/\/parinmetais.com.br\/site\/product\/valvula-globo-2-1-2%e2%80%b3-x-45o-industrial\/","title":{"rendered":"Registro Globo PN16 45\u00ba x 2.1\/2\u201d 11FIOS BSP x 5FPP &#8211; Industrial"},"content":{"rendered":"<div class=\"woocommerce-product-details__short-description\">\n<div class=\"woocommerce-product-details__short-description\">\n<p><strong>V\u00e1lvulas\u00a0 Globo<\/strong>\u00a0 s\u00e3o equipamentos utilizados em sistemas hidr\u00e1ulicos de combate a inc\u00eandios com o objetivo de fornecer \u00e1gua em pontos pr\u00f3ximos ao foco do inc\u00eandio visando minimizar os efeitos do fogo. Este tipo de v\u00e1lvula possui uma sa\u00edda roscada para o acoplamento de um adaptador para mangueiras de combate a inc\u00eandios ou para um tamp\u00e3o de prote\u00e7\u00e3o. No Interior da v\u00e1lvula encontra-se um disco de veda\u00e7\u00e3o que se assenta em uma sede que, quando acionado por uma haste, se desloca abrindo ou fechando totalmente a passagem de \u00e1gua.<strong><\/strong><\/p>\n<h6><strong>Downloads:<\/strong> <a href=\"http:\/\/parinmetais.com.br\/site\/wp-content\/uploads\/2023\/12\/12742_Registro_Globo_Industrial.pdf\">Datasheet<\/a><\/h6>\n<h6><a href=\"https:\/\/wa.me\/5511942552341\" target=\"_blank\" rel=\"noopener\"><strong>Clique aqui para solicitar or\u00e7amento<\/strong><\/a><\/h6>\n<\/div>\n<\/div>\n","protected":false},"excerpt":{"rendered":"<div class=\"woocommerce-product-details__short-description\">\n<div class=\"woocommerce-product-details__short-description\">\n<p><strong>V\u00e1lvulas\u00a0 Globo<\/strong>\u00a0 s\u00e3o equipamentos utilizados em sistemas hidr\u00e1ulicos de combate a inc\u00eandios com o objetivo de fornecer \u00e1gua em pontos pr\u00f3ximos ao foco do inc\u00eandio visando minimizar os efeitos do fogo. Este tipo de v\u00e1lvula possui uma sa\u00edda roscada para o acoplamento de um adaptador para mangueiras de combate a inc\u00eandios ou para um tamp\u00e3o de prote\u00e7\u00e3o. No Interior da v\u00e1lvula encontra-se um disco de veda\u00e7\u00e3o que se assenta em uma sede que, quando acionado por uma haste, se desloca abrindo ou fechando totalmente a passagem de \u00e1gua.<strong><\/strong><\/p>\n<h6><strong>Downloads:<\/strong> <a href=\"http:\/\/parinmetais.com.br\/site\/wp-content\/uploads\/2023\/12\/12742_Registro_Globo_Industrial.pdf\">Datasheet<\/a><\/h6>\n<h6><a href=\"https:\/\/wa.me\/5511942552341\" target=\"_blank\" rel=\"noopener\"><strong>Clique aqui para solicitar or\u00e7amento<\/strong><\/a><\/h6>\n<h6><a href=\"https:\/\/wa.me\/5511942552341\" target=\"_blank\" rel=\"noopener\"><strong><\/strong><\/a><\/h6>\n<\/div>\n<\/div>\n","protected":false},"featured_media":10177,"comment_status":"open","ping_status":"closed","template":"","meta":{"_monsterinsights_skip_tracking":false,"_monsterinsights_sitenote_active":false,"_monsterinsights_sitenote_note":"","_monsterinsights_sitenote_category":0,"_joinchat":[]},"product_cat":[39],"product_tag":[],"class_list":["post-9569","product","type-product","status-publish","has-post-thumbnail","hentry","product_cat-registros"],"aioseo_notices":[],"jetpack_sharing_enabled":true,"_links":{"self":[{"href":"https:\/\/parinmetais.com.br\/site\/wp-json\/wp\/v2\/product\/9569","targetHints":{"allow":["GET"]}}],"collection":[{"href":"https:\/\/parinmetais.com.br\/site\/wp-json\/wp\/v2\/product"}],"about":[{"href":"https:\/\/parinmetais.com.br\/site\/wp-json\/wp\/v2\/types\/product"}],"replies":[{"embeddable":true,"href":"https:\/\/parinmetais.com.br\/site\/wp-json\/wp\/v2\/comments?post=9569"}],"version-history":[{"count":7,"href":"https:\/\/parinmetais.com.br\/site\/wp-json\/wp\/v2\/product\/9569\/revisions"}],"predecessor-version":[{"id":10178,"href":"https:\/\/parinmetais.com.br\/site\/wp-json\/wp\/v2\/product\/9569\/revisions\/10178"}],"wp:featuredmedia":[{"embeddable":true,"href":"https:\/\/parinmetais.com.br\/site\/wp-json\/wp\/v2\/media\/10177"}],"wp:attachment":[{"href":"https:\/\/parinmetais.com.br\/site\/wp-json\/wp\/v2\/media?parent=9569"}],"wp:term":[{"taxonomy":"product_cat","embeddable":true,"href":"https:\/\/parinmetais.com.br\/site\/wp-json\/wp\/v2\/product_cat?post=9569"},{"taxonomy":"product_tag","embeddable":true,"href":"https:\/\/parinmetais.com.br\/site\/wp-json\/wp\/v2\/product_tag?post=9569"}],"curies":[{"name":"wp","href":"https:\/\/api.w.org\/{rel}","templated":true}]}}