{"id":9688,"date":"2024-07-19T15:06:29","date_gmt":"2024-07-19T18:06:29","guid":{"rendered":"http:\/\/parinmetais.com.br\/site\/?post_type=product&#038;p=9688"},"modified":"2025-04-18T19:11:20","modified_gmt":"2025-04-18T22:11:20","slug":"cod-73mm-13333-76mm-13345-adaptador-rosca-2-1-2-grooved","status":"publish","type":"product","link":"https:\/\/parinmetais.com.br\/site\/product\/cod-73mm-13333-76mm-13345-adaptador-rosca-2-1-2-grooved\/","title":{"rendered":"Adaptador Ranhurado (Grooved) 73mm x 2 1\/2&#8243; Rosca Externa 11 Fios BSP"},"content":{"rendered":"<p>O adaptador rosca 11 fios por polegada 2.1\/2&#8243; para grooved \u00e9 uma solu\u00e7\u00e3o eficaz para integrar v\u00e1lvulas com conex\u00e3o rosca a sistemas com conex\u00e3o ranhurada (grooved). Este adaptador oferece uma transi\u00e7\u00e3o segura e eficiente, permitindo a moderniza\u00e7\u00e3o de sistemas hidr\u00e1ulicos sem a necessidade de substitui\u00e7\u00e3o completa dos componentes existentes.<\/p>\n","protected":false},"excerpt":{"rendered":"<p>O adaptador rosca 11 fios por polegada 2.1\/2&#8243; para grooved \u00e9 uma solu\u00e7\u00e3o eficaz para integrar v\u00e1lvulas com conex\u00e3o rosca a sistemas com conex\u00e3o ranhurada (grooved). Este adaptador oferece uma transi\u00e7\u00e3o segura e eficiente, permitindo a moderniza\u00e7\u00e3o de sistemas hidr\u00e1ulicos sem a necessidade de substitui\u00e7\u00e3o completa dos componentes existentes.<\/p>\n<p>C\u00d3DIGO DO PRODUTO: 73mm: 13424<\/p>\n<p>DATASHEET: <a href=\"http:\/\/parinmetais.com.br\/site\/wp-content\/uploads\/2024\/07\/Adaptador_Rosca_Grooved.pdf\" target=\"_blank\" rel=\"noopener\">Fa\u00e7a o download clicando aqui<\/a><\/p>\n<h6><a href=\"https:\/\/wa.me\/5511942552341\" target=\"_blank\" rel=\"noopener\"><strong>Clique aqui para solicitar or\u00e7amento<\/strong><\/a><\/h6>\n","protected":false},"featured_media":10171,"comment_status":"open","ping_status":"closed","template":"","meta":{"_monsterinsights_skip_tracking":false,"_monsterinsights_sitenote_active":false,"_monsterinsights_sitenote_note":"","_monsterinsights_sitenote_category":0,"_joinchat":[]},"product_cat":[56],"product_tag":[],"class_list":["post-9688","product","type-product","status-publish","has-post-thumbnail","hentry","product_cat-adaptadores"],"aioseo_notices":[],"jetpack_sharing_enabled":true,"_links":{"self":[{"href":"https:\/\/parinmetais.com.br\/site\/wp-json\/wp\/v2\/product\/9688","targetHints":{"allow":["GET"]}}],"collection":[{"href":"https:\/\/parinmetais.com.br\/site\/wp-json\/wp\/v2\/product"}],"about":[{"href":"https:\/\/parinmetais.com.br\/site\/wp-json\/wp\/v2\/types\/product"}],"replies":[{"embeddable":true,"href":"https:\/\/parinmetais.com.br\/site\/wp-json\/wp\/v2\/comments?post=9688"}],"version-history":[{"count":7,"href":"https:\/\/parinmetais.com.br\/site\/wp-json\/wp\/v2\/product\/9688\/revisions"}],"predecessor-version":[{"id":10172,"href":"https:\/\/parinmetais.com.br\/site\/wp-json\/wp\/v2\/product\/9688\/revisions\/10172"}],"wp:featuredmedia":[{"embeddable":true,"href":"https:\/\/parinmetais.com.br\/site\/wp-json\/wp\/v2\/media\/10171"}],"wp:attachment":[{"href":"https:\/\/parinmetais.com.br\/site\/wp-json\/wp\/v2\/media?parent=9688"}],"wp:term":[{"taxonomy":"product_cat","embeddable":true,"href":"https:\/\/parinmetais.com.br\/site\/wp-json\/wp\/v2\/product_cat?post=9688"},{"taxonomy":"product_tag","embeddable":true,"href":"https:\/\/parinmetais.com.br\/site\/wp-json\/wp\/v2\/product_tag?post=9688"}],"curies":[{"name":"wp","href":"https:\/\/api.w.org\/{rel}","templated":true}]}}