{"id":9730,"date":"2024-07-29T08:42:09","date_gmt":"2024-07-29T11:42:09","guid":{"rendered":"http:\/\/parinmetais.com.br\/site\/?post_type=product&#038;p=9730"},"modified":"2025-04-18T18:50:32","modified_gmt":"2025-04-18T21:50:32","slug":"cod-13454-2-1-2-uniao-storz-para-empatacao-externa-tipo-mangote","status":"publish","type":"product","link":"https:\/\/parinmetais.com.br\/site\/product\/cod-13454-2-1-2-uniao-storz-para-empatacao-externa-tipo-mangote\/","title":{"rendered":"Uni\u00e3o Storz 2.1\/2\u201d para Empata\u00e7\u00e3o Externa tipo Mangote 2.1\/2\u201d"},"content":{"rendered":"<p>A uni\u00e3o de mangote para mangueiras \u00e9 um componente crucial utilizado para conectar duas extremidades de mangueiras de maneira segura e eficiente. Este conector \u00e9 projetado para garantir a continuidade do fluxo de fluidos, sejam eles l\u00edquidos ou gases, sem vazamentos, proporcionando uma liga\u00e7\u00e3o robusta e confi\u00e1vel.<\/p>\n<p><strong>DATASHEET: <a href=\"http:\/\/parinmetais.com.br\/site\/wp-content\/uploads\/2024\/07\/Espigao_212_final.pdf\" target=\"_blank\" rel=\"noopener\">Fa\u00e7a o download clicando aqui<\/a><\/strong><\/p>\n<h6><a href=\"https:\/\/wa.me\/5511942552341\" target=\"_blank\" rel=\"noopener\"><strong>Clique aqui para solicitar or\u00e7amento<\/strong><\/a><\/h6>\n","protected":false},"excerpt":{"rendered":"<p>A uni\u00e3o de mangote para mangueiras \u00e9 um componente crucial utilizado para conectar duas extremidades de mangueiras de maneira segura e eficiente. Este conector \u00e9 projetado para garantir a continuidade do fluxo de fluidos, sejam eles l\u00edquidos ou gases, sem vazamentos, proporcionando uma liga\u00e7\u00e3o robusta e confi\u00e1vel.<\/p>\n<p><strong>DATASHEET: <a href=\"http:\/\/parinmetais.com.br\/site\/wp-content\/uploads\/2024\/07\/Espigao_212_final.pdf\" target=\"_blank\" rel=\"noopener\">Fa\u00e7a o download clicando aqui<\/a><\/strong><\/p>\n<h6><a href=\"https:\/\/wa.me\/5511942552341\" target=\"_blank\" rel=\"noopener\"><strong>Clique aqui para solicitar or\u00e7amento<\/strong><\/a><\/h6>\n<h6><a href=\"https:\/\/wa.me\/5511942552341\" target=\"_blank\" rel=\"noopener\"><strong><\/strong><\/a><\/h6>\n","protected":false},"featured_media":10162,"comment_status":"open","ping_status":"closed","template":"","meta":{"_monsterinsights_skip_tracking":false,"_monsterinsights_sitenote_active":false,"_monsterinsights_sitenote_note":"","_monsterinsights_sitenote_category":0,"_joinchat":[]},"product_cat":[33],"product_tag":[],"class_list":["post-9730","product","type-product","status-publish","has-post-thumbnail","hentry","product_cat-unioes"],"aioseo_notices":[],"jetpack_sharing_enabled":true,"_links":{"self":[{"href":"https:\/\/parinmetais.com.br\/site\/wp-json\/wp\/v2\/product\/9730","targetHints":{"allow":["GET"]}}],"collection":[{"href":"https:\/\/parinmetais.com.br\/site\/wp-json\/wp\/v2\/product"}],"about":[{"href":"https:\/\/parinmetais.com.br\/site\/wp-json\/wp\/v2\/types\/product"}],"replies":[{"embeddable":true,"href":"https:\/\/parinmetais.com.br\/site\/wp-json\/wp\/v2\/comments?post=9730"}],"version-history":[{"count":8,"href":"https:\/\/parinmetais.com.br\/site\/wp-json\/wp\/v2\/product\/9730\/revisions"}],"predecessor-version":[{"id":10163,"href":"https:\/\/parinmetais.com.br\/site\/wp-json\/wp\/v2\/product\/9730\/revisions\/10163"}],"wp:featuredmedia":[{"embeddable":true,"href":"https:\/\/parinmetais.com.br\/site\/wp-json\/wp\/v2\/media\/10162"}],"wp:attachment":[{"href":"https:\/\/parinmetais.com.br\/site\/wp-json\/wp\/v2\/media?parent=9730"}],"wp:term":[{"taxonomy":"product_cat","embeddable":true,"href":"https:\/\/parinmetais.com.br\/site\/wp-json\/wp\/v2\/product_cat?post=9730"},{"taxonomy":"product_tag","embeddable":true,"href":"https:\/\/parinmetais.com.br\/site\/wp-json\/wp\/v2\/product_tag?post=9730"}],"curies":[{"name":"wp","href":"https:\/\/api.w.org\/{rel}","templated":true}]}}