{"id":9954,"date":"2025-02-14T10:25:22","date_gmt":"2025-02-14T13:25:22","guid":{"rendered":"http:\/\/parinmetais.com.br\/site\/?post_type=product&#038;p=9954"},"modified":"2025-04-18T18:37:12","modified_gmt":"2025-04-18T21:37:12","slug":"cod-13170-esguicho-regulavel-pn16-storz-1-1-2-bocal-longo","status":"publish","type":"product","link":"https:\/\/parinmetais.com.br\/site\/product\/cod-13170-esguicho-regulavel-pn16-storz-1-1-2-bocal-longo\/","title":{"rendered":"Esguicho Regul\u00e1vel PN16 Storz 1.1\/2\u201d &#8211; Bocal longo"},"content":{"rendered":"<p>Esguicho Regul\u00e1vel Storz 1.1\/2&#8243; fabricado em lat\u00e3o com acabamento usinado. Projetado para uso em sistemas de combate a inc\u00eandio, o esguicho oferece regulagem do jato de \u00e1gua, permitindo ajuste entre neblina e jato s\u00f3lido, proporcionando maior versatilidade durante o combate a inc\u00eandios. Seu bocal prolongado oferece excelente manuseio no combate a inc\u00eandios.<\/p>\n<h6><strong>Downloads:<\/strong> <a href=\"http:\/\/parinmetais.com.br\/site\/wp-content\/uploads\/2025\/02\/Regulavel_112_Bocal_Longo.pdf\">Datasheet<\/a><\/h6>\n<h6><a href=\"https:\/\/wa.me\/5511942552341\" target=\"_blank\" rel=\"noopener\"><strong>Clique aqui para solicitar or\u00e7amento<\/strong><\/a><\/h6>\n","protected":false},"excerpt":{"rendered":"<p>Esguicho Regul\u00e1vel Storz 1.1\/2&#8243; fabricado em lat\u00e3o com acabamento usinado. Projetado para uso em sistemas de combate a inc\u00eandio, o esguicho oferece regulagem do jato de \u00e1gua, permitindo ajuste entre neblina e jato s\u00f3lido, proporcionando maior versatilidade durante o combate a inc\u00eandios. Seu bocal prolongado oferece excelente manuseio no combate a inc\u00eandios.<\/p>\n<h6><strong>Downloads:<\/strong> <a href=\"http:\/\/parinmetais.com.br\/site\/wp-content\/uploads\/2025\/02\/Regulavel_112_Bocal_Longo.pdf\">Datasheet<\/a><\/h6>\n<h6><a href=\"https:\/\/wa.me\/5511942552341\" target=\"_blank\" rel=\"noopener\"><strong>Clique aqui para solicitar or\u00e7amento<\/strong><\/a><\/h6>\n","protected":false},"featured_media":10138,"comment_status":"open","ping_status":"closed","template":"","meta":{"_monsterinsights_skip_tracking":false,"_monsterinsights_sitenote_active":false,"_monsterinsights_sitenote_note":"","_monsterinsights_sitenote_category":0,"_joinchat":[]},"product_cat":[45],"product_tag":[],"class_list":["post-9954","product","type-product","status-publish","has-post-thumbnail","hentry","product_cat-esguichos"],"aioseo_notices":[],"jetpack_sharing_enabled":true,"_links":{"self":[{"href":"https:\/\/parinmetais.com.br\/site\/wp-json\/wp\/v2\/product\/9954","targetHints":{"allow":["GET"]}}],"collection":[{"href":"https:\/\/parinmetais.com.br\/site\/wp-json\/wp\/v2\/product"}],"about":[{"href":"https:\/\/parinmetais.com.br\/site\/wp-json\/wp\/v2\/types\/product"}],"replies":[{"embeddable":true,"href":"https:\/\/parinmetais.com.br\/site\/wp-json\/wp\/v2\/comments?post=9954"}],"version-history":[{"count":2,"href":"https:\/\/parinmetais.com.br\/site\/wp-json\/wp\/v2\/product\/9954\/revisions"}],"predecessor-version":[{"id":10139,"href":"https:\/\/parinmetais.com.br\/site\/wp-json\/wp\/v2\/product\/9954\/revisions\/10139"}],"wp:featuredmedia":[{"embeddable":true,"href":"https:\/\/parinmetais.com.br\/site\/wp-json\/wp\/v2\/media\/10138"}],"wp:attachment":[{"href":"https:\/\/parinmetais.com.br\/site\/wp-json\/wp\/v2\/media?parent=9954"}],"wp:term":[{"taxonomy":"product_cat","embeddable":true,"href":"https:\/\/parinmetais.com.br\/site\/wp-json\/wp\/v2\/product_cat?post=9954"},{"taxonomy":"product_tag","embeddable":true,"href":"https:\/\/parinmetais.com.br\/site\/wp-json\/wp\/v2\/product_tag?post=9954"}],"curies":[{"name":"wp","href":"https:\/\/api.w.org\/{rel}","templated":true}]}}