{"id":9966,"date":"2025-02-17T10:23:47","date_gmt":"2025-02-17T13:23:47","guid":{"rendered":"http:\/\/parinmetais.com.br\/site\/?post_type=product&#038;p=9966"},"modified":"2025-10-22T15:18:10","modified_gmt":"2025-10-22T18:18:10","slug":"cod-13349-73mm-valvula-de-retencao-vertical-pn16-2-1-2-grooved","status":"publish","type":"product","link":"https:\/\/parinmetais.com.br\/site\/product\/cod-13349-73mm-valvula-de-retencao-vertical-pn16-2-1-2-grooved\/","title":{"rendered":"V\u00e1lvula de Reten\u00e7\u00e3o Vertical PN16 2.1\/2\u201d Grooved 73mm"},"content":{"rendered":"<p>A v\u00e1lvula de reten\u00e7\u00e3o vertical em lat\u00e3o Grooved \u00e9 um componente essencial em sistemas de combate a inc\u00eandio e hidr\u00e1ulicos, permitindo o fluxo unidirecional de \u00e1gua. Seu design robusto em lat\u00e3o oferece alta durabilidade, resist\u00eancia \u00e0 corros\u00e3o e confiabilidade em ambientes exigentes. A conex\u00e3o tipo grooved facilita a instala\u00e7\u00e3o e a manuten\u00e7\u00e3o.<\/p>\n<h6><strong>Downloads:<\/strong> <a href=\"http:\/\/parinmetais.com.br\/site\/wp-content\/uploads\/2024\/10\/Valvula_retencao_vertical_grooved_212.pdf\" target=\"_blank\" rel=\"noopener\">Datasheet<\/a><\/h6>\n<h6><a href=\"https:\/\/wa.me\/5511942552341\" target=\"_blank\" rel=\"noopener\"><strong>Clique aqui para solicitar or\u00e7amento<\/strong><\/a><\/h6>\n","protected":false},"excerpt":{"rendered":"<p>A v\u00e1lvula de reten\u00e7\u00e3o vertical em lat\u00e3o Grooved \u00e9 um componente essencial em sistemas de combate a inc\u00eandio e hidr\u00e1ulicos, permitindo o fluxo unidirecional de \u00e1gua. Seu design robusto em lat\u00e3o oferece alta durabilidade, resist\u00eancia \u00e0 corros\u00e3o e confiabilidade em ambientes exigentes. A conex\u00e3o tipo grooved facilita a instala\u00e7\u00e3o e a manuten\u00e7\u00e3o.<\/p>\n<h6><strong>Downloads:<\/strong> <a href=\"http:\/\/parinmetais.com.br\/site\/wp-content\/uploads\/2024\/10\/Valvula_retencao_vertical_grooved_212.pdf\" target=\"_blank\" rel=\"noopener\">Datasheet<\/a><\/h6>\n<h6><a href=\"https:\/\/wa.me\/5511942552341\" target=\"_blank\" rel=\"noopener\"><strong>Clique aqui para solicitar or\u00e7amento<\/strong><\/a><\/h6>\n<h6><a href=\"https:\/\/wa.me\/5511942552341\" target=\"_blank\" rel=\"noopener\"><strong><\/strong><\/a><\/h6>\n","protected":false},"featured_media":10134,"comment_status":"open","ping_status":"closed","template":"","meta":{"_monsterinsights_skip_tracking":false,"_monsterinsights_sitenote_active":false,"_monsterinsights_sitenote_note":"","_monsterinsights_sitenote_category":0,"_joinchat":[]},"product_cat":[15],"product_tag":[],"class_list":["post-9966","product","type-product","status-publish","has-post-thumbnail","hentry","product_cat-valvulas"],"aioseo_notices":[],"jetpack_sharing_enabled":true,"_links":{"self":[{"href":"https:\/\/parinmetais.com.br\/site\/wp-json\/wp\/v2\/product\/9966","targetHints":{"allow":["GET"]}}],"collection":[{"href":"https:\/\/parinmetais.com.br\/site\/wp-json\/wp\/v2\/product"}],"about":[{"href":"https:\/\/parinmetais.com.br\/site\/wp-json\/wp\/v2\/types\/product"}],"replies":[{"embeddable":true,"href":"https:\/\/parinmetais.com.br\/site\/wp-json\/wp\/v2\/comments?post=9966"}],"version-history":[{"count":5,"href":"https:\/\/parinmetais.com.br\/site\/wp-json\/wp\/v2\/product\/9966\/revisions"}],"predecessor-version":[{"id":10135,"href":"https:\/\/parinmetais.com.br\/site\/wp-json\/wp\/v2\/product\/9966\/revisions\/10135"}],"wp:featuredmedia":[{"embeddable":true,"href":"https:\/\/parinmetais.com.br\/site\/wp-json\/wp\/v2\/media\/10134"}],"wp:attachment":[{"href":"https:\/\/parinmetais.com.br\/site\/wp-json\/wp\/v2\/media?parent=9966"}],"wp:term":[{"taxonomy":"product_cat","embeddable":true,"href":"https:\/\/parinmetais.com.br\/site\/wp-json\/wp\/v2\/product_cat?post=9966"},{"taxonomy":"product_tag","embeddable":true,"href":"https:\/\/parinmetais.com.br\/site\/wp-json\/wp\/v2\/product_tag?post=9966"}],"curies":[{"name":"wp","href":"https:\/\/api.w.org\/{rel}","templated":true}]}}