{"id":9977,"date":"2025-02-26T13:30:50","date_gmt":"2025-02-26T16:30:50","guid":{"rendered":"http:\/\/parinmetais.com.br\/site\/?post_type=product&#038;p=9977"},"modified":"2025-04-18T18:26:20","modified_gmt":"2025-04-18T21:26:20","slug":"cod-13679-tampao-giratorio-storz-2-1-2-ccom-corrente","status":"publish","type":"product","link":"https:\/\/parinmetais.com.br\/site\/product\/cod-13679-tampao-giratorio-storz-2-1-2-ccom-corrente\/","title":{"rendered":"Tamp\u00e3o Girat\u00f3rio Storz 2.1\/2\u201d com corrente"},"content":{"rendered":"<p>O <strong>Tamp\u00e3o Fixo Storz Cego com Corrente<\/strong> \u00e9 utilizado para fechamento de conex\u00f5es Storz em sistemas de combate a inc\u00eandios, prevenindo a entrada de sujeira e garantindo a estanqueidade do sistema.<\/p>\n<h6><strong>Downloads:<\/strong> <a href=\"http:\/\/parinmetais.com.br\/site\/wp-content\/uploads\/2025\/02\/13679_Tampao_Giratorio_212.pdf\" target=\"_blank\" rel=\"noopener\">Datasheet<\/a><\/h6>\n<h6><a href=\"https:\/\/wa.me\/5511942552341\" target=\"_blank\" rel=\"noopener\"><strong>Clique aqui para solicitar or\u00e7amento<\/strong><\/a><\/h6>\n","protected":false},"excerpt":{"rendered":"<p>O <strong>Tamp\u00e3o Fixo Storz Cego com Corrente<\/strong> \u00e9 utilizado para fechamento de conex\u00f5es Storz em sistemas de combate a inc\u00eandios, prevenindo a entrada de sujeira e garantindo a estanqueidade do sistema.<\/p>\n<h6><strong>Downloads:<\/strong> <a href=\"http:\/\/parinmetais.com.br\/site\/wp-content\/uploads\/2025\/02\/13679_Tampao_Giratorio_212.pdf\" target=\"_blank\" rel=\"noopener\">Datasheet<\/a><\/h6>\n<h6><a href=\"https:\/\/wa.me\/5511942552341\" target=\"_blank\" rel=\"noopener\"><strong>Clique aqui para solicitar or\u00e7amento<\/strong><\/a><\/h6>\n","protected":false},"featured_media":10130,"comment_status":"open","ping_status":"closed","template":"","meta":{"_monsterinsights_skip_tracking":false,"_monsterinsights_sitenote_active":false,"_monsterinsights_sitenote_note":"","_monsterinsights_sitenote_category":0,"_joinchat":[]},"product_cat":[34],"product_tag":[],"class_list":["post-9977","product","type-product","status-publish","has-post-thumbnail","hentry","product_cat-tampoes"],"aioseo_notices":[],"jetpack_sharing_enabled":true,"_links":{"self":[{"href":"https:\/\/parinmetais.com.br\/site\/wp-json\/wp\/v2\/product\/9977","targetHints":{"allow":["GET"]}}],"collection":[{"href":"https:\/\/parinmetais.com.br\/site\/wp-json\/wp\/v2\/product"}],"about":[{"href":"https:\/\/parinmetais.com.br\/site\/wp-json\/wp\/v2\/types\/product"}],"replies":[{"embeddable":true,"href":"https:\/\/parinmetais.com.br\/site\/wp-json\/wp\/v2\/comments?post=9977"}],"version-history":[{"count":5,"href":"https:\/\/parinmetais.com.br\/site\/wp-json\/wp\/v2\/product\/9977\/revisions"}],"predecessor-version":[{"id":10131,"href":"https:\/\/parinmetais.com.br\/site\/wp-json\/wp\/v2\/product\/9977\/revisions\/10131"}],"wp:featuredmedia":[{"embeddable":true,"href":"https:\/\/parinmetais.com.br\/site\/wp-json\/wp\/v2\/media\/10130"}],"wp:attachment":[{"href":"https:\/\/parinmetais.com.br\/site\/wp-json\/wp\/v2\/media?parent=9977"}],"wp:term":[{"taxonomy":"product_cat","embeddable":true,"href":"https:\/\/parinmetais.com.br\/site\/wp-json\/wp\/v2\/product_cat?post=9977"},{"taxonomy":"product_tag","embeddable":true,"href":"https:\/\/parinmetais.com.br\/site\/wp-json\/wp\/v2\/product_tag?post=9977"}],"curies":[{"name":"wp","href":"https:\/\/api.w.org\/{rel}","templated":true}]}}